{"id":1285,"date":"2018-01-19T13:06:48","date_gmt":"2018-01-19T13:06:48","guid":{"rendered":"https:\/\/belgianfapa.anmdev.be\/?page_id=1285"},"modified":"2025-04-20T09:21:46","modified_gmt":"2025-04-20T07:21:46","slug":"a-propos-de-fapa","status":"publish","type":"page","link":"https:\/\/belgianfapa.be\/fr\/a-propos-de-fapa\/","title":{"rendered":"A propos de FAPA"},"content":{"rendered":"<p style=\"text-align: justify;\">FAPA est une asbl qui a \u00e9t\u00e9 cr\u00e9\u00e9e en 1993. Ses membres fondateurs repr\u00e9sentent les 7 centres universitaires du pays et toutes les disciplines m\u00e9dicales directement concern\u00e9es par la polypose ad\u00e9nomateuse familiale. Depuis sa cr\u00e9ation, l\u2019association a \u00e9largi ses contacts \u00e0 de nombreux centres hospitaliers non universitaires.<\/p>\n<p style=\"text-align: justify;\">Des professionnel-le-s sont actif-ve-s au sein de l&rsquo;organisation depuis 1996. En 2012, l&rsquo;action de la FAPA a \u00e9t\u00e9 \u00e9tendue aux familles atteintes du syndrome de Lynch (HNPCC = hereditary non-polyposis colorectal cancer).<\/p>\n<hr \/>\n<div class='w3eden'>\n    <div class=''>\n\n        \n        <div id=\"content_wpdm_package_1\">\n            <div class='row'><div class='col-lg-4 col-md-6 col-12'><div class=\"list-group wpdm-lt-card\" style=\"margin: 15px 0\">\n        <div class=\"list-group-item\">\n            <a href=\"https:\/\/belgianfapa.be\/fr\/wpdmpro\/rapport-annuel-2023\/?wpdmdl=94919&refresh=69e5530f457391776636687\" style=\"display: block;margin: 5px 0;text-align:center;\"><img class='wpdm-thumb wpdm-thumb-140x198 wpdm-thumb-94919' src='https:\/\/belgianfapa.be\/wp-content\/uploads\/wpdm-cache\/Rapport-annuel-2023-1-e1730115420827-140x198.png' alt='Rapport annuel 2023' \/><\/a>\n        <\/div>\n        <div class=\"list-group-item\">\n            <h6 style=\"padding: 0px;margin:0px;text-align:center;\"><a href=\"https:\/\/belgianfapa.be\/fr\/wpdmpro\/rapport-annuel-2023\/?wpdmdl=94919&refresh=69e5530f457391776636687\">Rapport annuel 2023<\/a> <\/h6>       \n          <\/div>\n    <\/div><\/div><div class='col-lg-4 col-md-6 col-12'><div class=\"list-group wpdm-lt-card\" style=\"margin: 15px 0\">\n        <div class=\"list-group-item\">\n            <a href=\"https:\/\/belgianfapa.be\/fr\/wpdmpro\/rapport-annuel-2022\/?wpdmdl=94038&refresh=69e5530f721c81776636687\" style=\"display: block;margin: 5px 0;text-align:center;\"><img class='wpdm-thumb wpdm-thumb-140x198 wpdm-thumb-94038' src='https:\/\/belgianfapa.be\/wp-content\/uploads\/wpdm-cache\/AR-FR2023-e1685694860528-140x198.png' alt='Rapport annuel 2022' \/><\/a>\n        <\/div>\n        <div class=\"list-group-item\">\n            <h6 style=\"padding: 0px;margin:0px;text-align:center;\"><a href=\"https:\/\/belgianfapa.be\/fr\/wpdmpro\/rapport-annuel-2022\/?wpdmdl=94038&refresh=69e5530f721c81776636687\">Rapport annuel 2022<\/a> <\/h6>       \n          <\/div>\n    <\/div><\/div><div class='col-lg-4 col-md-6 col-12'><div class=\"list-group wpdm-lt-card\" style=\"margin: 15px 0\">\n        <div class=\"list-group-item\">\n            <a href=\"https:\/\/belgianfapa.be\/fr\/wpdmpro\/rapport-annuel-2021\/?wpdmdl=93454&refresh=69e5530f7490a1776636687\" style=\"display: block;margin: 5px 0;text-align:center;\"><img class='wpdm-thumb wpdm-thumb-140x198 wpdm-thumb-93454' src='https:\/\/belgianfapa.be\/wp-content\/uploads\/wpdm-cache\/rapport-annuel-e1657197309490-140x198.jpg' alt='Rapport annuel 2021' \/><\/a>\n        <\/div>\n        <div class=\"list-group-item\">\n            <h6 style=\"padding: 0px;margin:0px;text-align:center;\"><a href=\"https:\/\/belgianfapa.be\/fr\/wpdmpro\/rapport-annuel-2021\/?wpdmdl=93454&refresh=69e5530f7490a1776636687\">Rapport annuel 2021<\/a> <\/h6>       \n          <\/div>\n    <\/div><\/div><div class='col-lg-4 col-md-6 col-12'><div class=\"list-group wpdm-lt-card\" style=\"margin: 15px 0\">\n        <div class=\"list-group-item\">\n            <a href=\"https:\/\/belgianfapa.be\/fr\/wpdmpro\/rapport-annuel\/?wpdmdl=92569&refresh=69e5530f771c31776636687\" style=\"display: block;margin: 5px 0;text-align:center;\"><img class='wpdm-thumb wpdm-thumb-140x198 wpdm-thumb-92569' src='https:\/\/belgianfapa.be\/wp-content\/uploads\/wpdm-cache\/rapport-annuel-2020-140x198.png' alt='Rapport annuel 2020' \/><\/a>\n        <\/div>\n        <div class=\"list-group-item\">\n            <h6 style=\"padding: 0px;margin:0px;text-align:center;\"><a href=\"https:\/\/belgianfapa.be\/fr\/wpdmpro\/rapport-annuel\/?wpdmdl=92569&refresh=69e5530f771c31776636687\">Rapport annuel 2020<\/a> <\/h6>       \n          <\/div>\n    <\/div><\/div><div class='col-lg-4 col-md-6 col-12'><div class=\"list-group wpdm-lt-card\" style=\"margin: 15px 0\">\n        <div class=\"list-group-item\">\n            <a href=\"https:\/\/belgianfapa.be\/fr\/wpdmpro\/rapport-annuel-2019\/?wpdmdl=90246&refresh=69e5530f7a58d1776636687\" style=\"display: block;margin: 5px 0;text-align:center;\"><img class='wpdm-thumb wpdm-thumb-140x198 wpdm-thumb-90246' src='https:\/\/belgianfapa.be\/wp-content\/uploads\/wpdm-cache\/Rapport-annuel-e1588943359129-140x198.png' alt='Rapport annuel 2019' \/><\/a>\n        <\/div>\n        <div class=\"list-group-item\">\n            <h6 style=\"padding: 0px;margin:0px;text-align:center;\"><a href=\"https:\/\/belgianfapa.be\/fr\/wpdmpro\/rapport-annuel-2019\/?wpdmdl=90246&refresh=69e5530f7a58d1776636687\">Rapport annuel 2019<\/a> <\/h6>       \n          <\/div>\n    <\/div><\/div><div class='col-lg-4 col-md-6 col-12'><div class=\"list-group wpdm-lt-card\" style=\"margin: 15px 0\">\n        <div class=\"list-group-item\">\n            <a href=\"https:\/\/belgianfapa.be\/fr\/wpdmpro\/rapport-annuel-2018\/?wpdmdl=89489&refresh=69e5530f7d8c21776636687\" style=\"display: block;margin: 5px 0;text-align:center;\"><img class='wpdm-thumb wpdm-thumb-140x198 wpdm-thumb-89489' src='https:\/\/belgianfapa.be\/wp-content\/uploads\/wpdm-cache\/Rapport-annuel-2018-e1588944607349-140x198.jpg' alt='Rapport annuel 2018' \/><\/a>\n        <\/div>\n        <div class=\"list-group-item\">\n            <h6 style=\"padding: 0px;margin:0px;text-align:center;\"><a href=\"https:\/\/belgianfapa.be\/fr\/wpdmpro\/rapport-annuel-2018\/?wpdmdl=89489&refresh=69e5530f7d8c21776636687\">Rapport annuel 2018<\/a> <\/h6>       \n          <\/div>\n    <\/div><\/div><div class='col-lg-4 col-md-6 col-12'><div class=\"list-group wpdm-lt-card\" style=\"margin: 15px 0\">\n        <div class=\"list-group-item\">\n            <a href=\"https:\/\/belgianfapa.be\/fr\/wpdmpro\/rapport-annuel-2017\/?wpdmdl=8272&refresh=69e5530f800d81776636687\" style=\"display: block;margin: 5px 0;text-align:center;\"><img class='wpdm-thumb wpdm-thumb-140x198 wpdm-thumb-8272' src='https:\/\/belgianfapa.be\/wp-content\/uploads\/wpdm-cache\/rapport-annuel-2017-FR-140x198.jpg' alt='Rapport annuel 2017' \/><\/a>\n        <\/div>\n        <div class=\"list-group-item\">\n            <h6 style=\"padding: 0px;margin:0px;text-align:center;\"><a href=\"https:\/\/belgianfapa.be\/fr\/wpdmpro\/rapport-annuel-2017\/?wpdmdl=8272&refresh=69e5530f800d81776636687\">Rapport annuel 2017<\/a> <\/h6>       \n          <\/div>\n    <\/div><\/div><\/div>                    <\/div>\n\n        <div style='clear:both'><\/div>\n    <\/div>\n<\/div>\n\n<p>&nbsp;<\/p>\n<style id=\"sp_lcp_dynamic_css93279\">div#logo-carousel-free-93279.logo-carousel-free .sp-lc-logo{border: 1px solid #dddddd;border-radius: 0px;overflow: hidden;}div#logo-carousel-free-93279.logo-carousel-free .sp-lc-logo:hover{border-color: #16a08b;}#logo-carousel-free-93279.sp-lc-container .sp-lc-pagination .swiper-pagination-bullet {background-color: #dddddd;margin: 0 4px;}#logo-carousel-free-93279.sp-lc-container .sp-lc-pagination .swiper-pagination-bullet.swiper-pagination-bullet-active{background-color: #e76e24; }#logo-carousel-free-93279.sp-lc-container .sp-logo-carousel {padding-top: 46px;}#logo-carousel-free-93279.sp-lc-container .sp-lc-button-prev,#logo-carousel-free-93279.sp-lc-container .sp-lc-button-next {color: #aaaaaa;background: transparent;border: 1px solid #aaaaaa;line-height: 28px;}#logo-carousel-free-93279.sp-lc-container .sp-lc-button-prev:hover,#logo-carousel-free-93279.sp-lc-container .sp-lc-button-next:hover{background-color: #16a08b;color: #ffffff;border-color: #16a08b;}@media only screen and (max-width: 576px) {} .logo-carousel-free-area#logo-carousel-free-93279{position: relative;}#lcp-preloader-93279{position: absolute;left: 0;top: 0;height: 100%;width: 100%;text-align: center;display: flex;align-items: center;justify-content: center;background: #fff;z-index: 9999;} .logo-carousel-free-area#logo-carousel-free-93279 .sp-logo-carousel-section-title{margin-bottom: 30px;}#logo-carousel-free-93279 .sp-lc-grid-container { justify-content: left; align-items: center; } #logo-carousel-free-93279 .swiper-wrapper .swiper-slide { align-self: center; }#logo-carousel-free-93279 .sp-lc-grid-container {margin-left: -6px;margin-right: -6px;width: calc( 100% + 12px);}#logo-carousel-free-93279 .sp-lc-grid-container [class*=\"lc-col\"] {padding-left: 6px;padding-right: 6px;padding-bottom: 12px;}@media screen and (min-width: 1200px ){.logo-carousel-free-area#logo-carousel-free-93279 .sp-logo-carousel:not([class*=\"-initialized\"]) > .swiper-wrapper {display: flex;width: calc( 100% + 12px );}.logo-carousel-free-area#logo-carousel-free-93279 .sp-logo-carousel:not([class*=\"-initialized\"]) > .swiper-wrapper > .swiper-slide {width: 20%;padding-right: 12px;}}<\/style>\n<div id='logo-carousel-free-93279' class=\"logo-carousel-free logo-carousel-free-area sp-lc-container\">\n\t\t\t<div id=\"lcp-preloader-93279\" class=\"sp-logo-carousel-preloader\"><img decoding=\"async\" src=\"https:\/\/belgianfapa.be\/wp-content\/plugins\/logo-carousel-free\/admin\/assets\/images\/spinner.svg\" alt=\"Loader Image\"\/><\/div>\n\t\t\t<h2 class=\"sp-logo-carousel-section-title\">Nos partenaires<\/h2>\n\t\t<div id=\"sp-logo-carousel-id-93279\" class=\"swiper-container sp-logo-carousel  lcp-preloader\" dir=\"ltr\" data-carousel='{ \"speed\":600,\"spaceBetween\": 12, \"autoplay\": true, \"infinite\":true, \"autoplay_speed\": 3000, \"stop_onHover\": true, \"pagination\": true, \"navigation\": true, \"MobileNav\": true, \"MobilePagi\": true, \"simulateTouch\": true,\"freeMode\": false,\"swipeToSlide\": false, \"carousel_accessibility\": true,\"adaptiveHeight\": false,\"allowTouchMove\": true, \"slidesPerView\": { \"lg_desktop\": 5, \"desktop\": 4, \"tablet\": 3, \"mobile\": 1, \"mobile_landscape\": 2 } }' data-carousel-starts-onscreen=\"false\">\n\t\t<div class=\"swiper-wrapper\">\n\t\t\t\t<div class=\"swiper-slide\"><div class=\"sp-lc-logo\"><img loading=\"lazy\" decoding=\"async\" src=\"https:\/\/belgianfapa.be\/wp-content\/uploads\/2022\/03\/Dice.jpg\" title=\"\" alt=\"Dice\" width=\"250\" height=\"110\" class=\"sp-lc-image skip-lazy\"><\/div><\/div>\n\t\t<div class=\"swiper-slide\"><div class=\"sp-lc-logo\"><img loading=\"lazy\" decoding=\"async\" src=\"https:\/\/belgianfapa.be\/wp-content\/uploads\/2022\/03\/Engie.jpg\" title=\"\" alt=\"Engie Foundation\" width=\"250\" height=\"110\" class=\"sp-lc-image skip-lazy\"><\/div><\/div>\n\t\t<div class=\"swiper-slide\"><div class=\"sp-lc-logo\"><img loading=\"lazy\" decoding=\"async\" src=\"https:\/\/belgianfapa.be\/wp-content\/uploads\/2022\/03\/Eurordis.jpg\" title=\"\" alt=\"Eurordis\" width=\"250\" height=\"110\" class=\"sp-lc-image skip-lazy\"><\/div><\/div>\n\t\t<div class=\"swiper-slide\"><div class=\"sp-lc-logo\"><img loading=\"lazy\" decoding=\"async\" src=\"https:\/\/belgianfapa.be\/wp-content\/uploads\/2022\/03\/Jessa.jpg\" title=\"\" alt=\"Jessa\" width=\"250\" height=\"110\" class=\"sp-lc-image skip-lazy\"><\/div><\/div>\n\t\t<div class=\"swiper-slide\"><div class=\"sp-lc-logo\"><img loading=\"lazy\" decoding=\"async\" src=\"https:\/\/belgianfapa.be\/wp-content\/uploads\/2022\/03\/Lea.jpg\" title=\"\" alt=\"Lea\" width=\"250\" height=\"110\" class=\"sp-lc-image skip-lazy\"><\/div><\/div>\n\t\t<div class=\"swiper-slide\"><div class=\"sp-lc-logo\"><img loading=\"lazy\" decoding=\"async\" src=\"https:\/\/belgianfapa.be\/wp-content\/uploads\/2022\/03\/Luss.jpg\" title=\"\" alt=\"Luss\" width=\"250\" height=\"110\" class=\"sp-lc-image skip-lazy\"><\/div><\/div>\n\t\t<div class=\"swiper-slide\"><div class=\"sp-lc-logo\"><img loading=\"lazy\" decoding=\"async\" src=\"https:\/\/belgianfapa.be\/wp-content\/uploads\/2022\/03\/PatientEmpowerment.jpg\" title=\"\" alt=\"Patient Empowerment\" width=\"250\" height=\"110\" class=\"sp-lc-image skip-lazy\"><\/div><\/div>\n\t\t<div class=\"swiper-slide\"><div class=\"sp-lc-logo\"><img loading=\"lazy\" decoding=\"async\" src=\"https:\/\/belgianfapa.be\/wp-content\/uploads\/2022\/03\/Radiorg.jpg\" title=\"\" alt=\"RaDiOrg\" width=\"250\" height=\"110\" class=\"sp-lc-image skip-lazy\"><\/div><\/div>\n\t\t<div class=\"swiper-slide\"><div class=\"sp-lc-logo\"><img loading=\"lazy\" decoding=\"async\" src=\"https:\/\/belgianfapa.be\/wp-content\/uploads\/2022\/03\/StichtingTegenKanker.jpg\" title=\"\" alt=\"Stichting tegen Kanker\" width=\"250\" height=\"110\" class=\"sp-lc-image skip-lazy\"><\/div><\/div>\n\t\t<div class=\"swiper-slide\"><div class=\"sp-lc-logo\"><img loading=\"lazy\" decoding=\"async\" src=\"https:\/\/belgianfapa.be\/wp-content\/uploads\/2022\/03\/Vpp.jpg\" title=\"\" alt=\"Vlaams Pati\u00ebntenplatform\" width=\"250\" height=\"110\" class=\"sp-lc-image skip-lazy\"><\/div><\/div>\n\t\t\t<\/div>\n\n\t\t\t\t\t<div class=\"sp-lc-pagination swiper-pagination dots\"><\/div>\n\t\t\t\t\t\t<div class=\"sp-lc-button-next\"><i class=\"fa fa-angle-right\"><\/i><\/div>\n\t\t\t<div class=\"sp-lc-button-prev\"><i class=\"fa fa-angle-left\"><\/i><\/div>\n\t\t\t\t<\/div>\n<\/div>\n\n","protected":false},"excerpt":{"rendered":"<p>FAPA est une asbl qui a \u00e9t\u00e9 cr\u00e9\u00e9e en 1993. Ses membres fondateurs repr\u00e9sentent les 7 centres universitaires du pays et toutes les disciplines m\u00e9dicales directement concern\u00e9es par la polypose ad\u00e9nomateuse familiale. Depuis sa cr\u00e9ation, l\u2019association a \u00e9largi ses contacts&#8230;<\/p>\n","protected":false},"author":1,"featured_media":93714,"parent":0,"menu_order":0,"comment_status":"closed","ping_status":"closed","template":"","meta":{"_acf_changed":false,"kk_blocks_editor_width":"","_kiokenblocks_attr":"","_kiokenblocks_dimensions":"","footnotes":""},"class_list":["post-1285","page","type-page","status-publish","has-post-thumbnail","hentry"],"acf":[],"_links":{"self":[{"href":"https:\/\/belgianfapa.be\/fr\/wp-json\/wp\/v2\/pages\/1285","targetHints":{"allow":["GET"]}}],"collection":[{"href":"https:\/\/belgianfapa.be\/fr\/wp-json\/wp\/v2\/pages"}],"about":[{"href":"https:\/\/belgianfapa.be\/fr\/wp-json\/wp\/v2\/types\/page"}],"author":[{"embeddable":true,"href":"https:\/\/belgianfapa.be\/fr\/wp-json\/wp\/v2\/users\/1"}],"replies":[{"embeddable":true,"href":"https:\/\/belgianfapa.be\/fr\/wp-json\/wp\/v2\/comments?post=1285"}],"version-history":[{"count":54,"href":"https:\/\/belgianfapa.be\/fr\/wp-json\/wp\/v2\/pages\/1285\/revisions"}],"predecessor-version":[{"id":95045,"href":"https:\/\/belgianfapa.be\/fr\/wp-json\/wp\/v2\/pages\/1285\/revisions\/95045"}],"wp:featuredmedia":[{"embeddable":true,"href":"https:\/\/belgianfapa.be\/fr\/wp-json\/wp\/v2\/media\/93714"}],"wp:attachment":[{"href":"https:\/\/belgianfapa.be\/fr\/wp-json\/wp\/v2\/media?parent=1285"}],"curies":[{"name":"wp","href":"https:\/\/api.w.org\/{rel}","templated":true}]}}