{"id":1296,"date":"2018-01-19T13:14:52","date_gmt":"2018-01-19T13:14:52","guid":{"rendered":"https:\/\/belgianfapa.anmdev.be\/?page_id=1296"},"modified":"2023-07-26T12:55:17","modified_gmt":"2023-07-26T10:55:17","slug":"patients","status":"publish","type":"page","link":"https:\/\/belgianfapa.be\/fr\/patients\/","title":{"rendered":"Patients"},"content":{"rendered":"<div class=\"wpv-view-output\" data-toolset-views-view-editor=\"7c28793ae69db4eabfd38c78ea85a8b9\">\r\n<div class=\"wp-block-toolset-views-view-editor wpv-gutenberg-view-wrapper-90335\">\r\n<form autocomplete=\"off\" name=\"wpv-filter-90335\" action=\"\/fr\/wp-json\/wp\/v2\/pages\/1296?wpv_view_count=90335\" method=\"get\" class=\"wpv-filter-form js-wpv-filter-form js-wpv-filter-form-90335 js-wpv-form-full\" data-viewnumber=\"90335\" data-viewid=\"90335\" data-viewhash=\"eyJuYW1lIjoicGF0aWVudGVuYmxvZyJ9\" data-viewwidgetid=\"0\" data-orderby=\"\" data-order=\"\" data-orderbyas=\"\" data-orderbysecond=\"\" data-ordersecond=\"\" data-parametric='{\"query\":\"normal\",\"id\":90335,\"view_id\":90335,\"widget_id\":0,\"view_hash\":\"90335\",\"action\":\"\\\/fr\\\/wp-json\\\/wp\\\/v2\\\/pages\\\/1296?wpv_view_count=90335\",\"sort\":{\"orderby\":\"\",\"order\":\"\",\"orderby_as\":\"\",\"orderby_second\":\"\",\"order_second\":\"\"},\"orderby\":\"\",\"order\":\"\",\"orderby_as\":\"\",\"orderby_second\":\"\",\"order_second\":\"\",\"ajax_form\":\"\",\"ajax_results\":\"\",\"effect\":\"fade\",\"prebefore\":\"\",\"before\":\"\",\"after\":\"\",\"attributes\":[],\"environment\":{\"current_post_id\":1296,\"parent_post_id\":1296,\"parent_term_id\":0,\"parent_user_id\":0,\"archive\":{\"type\":\"\",\"name\":\"\",\"data\":[]}},\"loop\":{\"type\":\"\",\"name\":\"\",\"data\":[],\"id\":0}}' data-attributes=\"[]\" data-environment='{\"current_post_id\":1296,\"parent_post_id\":1296,\"parent_term_id\":0,\"parent_user_id\":0,\"archive\":{\"type\":\"\",\"name\":\"\",\"data\":[]}}'><input type=\"hidden\" class=\"js-wpv-dps-filter-data js-wpv-filter-data-for-this-form\" data-action=\"\/fr\/wp-json\/wp\/v2\/pages\/1296?wpv_view_count=90335\" data-page=\"1\" data-ajax=\"disable\" data-effect=\"fade\" data-maxpages=\"4\" data-ajaxprebefore=\"\" data-ajaxbefore=\"\" data-ajaxafter=\"\"><input class=\"wpv_view_count wpv_view_count-90335\" type=\"hidden\" name=\"wpv_view_count\" value=\"90335\">\n\n<\/form>\n<div id=\"wpv-view-layout-90335\" class=\"js-wpv-view-layout js-wpv-layout-responsive js-wpv-view-layout-90335\" data-viewnumber=\"90335\" data-pagination='{\"id\":90335,\"query\":\"normal\",\"type\":\"paged\",\"effect\":\"fade\",\"duration\":\"500\",\"speed\":\"5\",\"pause_on_hover\":\"disabled\",\"stop_rollover\":\"false\",\"cache_pages\":\"enabled\",\"preload_images\":\"enabled\",\"preload_pages\":\"enabled\",\"preload_reach\":\"1\",\"spinner\":\"builtin\",\"spinner_image\":\"\",\"callback_next\":\"\",\"manage_history\":\"enabled\",\"has_controls_in_form\":\"disabled\",\"infinite_tolerance\":0,\"max_pages\":4,\"page\":1,\"base_permalink\":\"\/fr\/wp-json\/wp\/v2\/pages\/1296?wpv_view_count=90335&amp;wpv_paged=WPV_PAGE_NUM\",\"loop\":{\"type\":\"\",\"name\":\"\",\"data\":[],\"id\":0}}' data-permalink=\"\/fr\/wp-json\/wp\/v2\/pages\/1296?wpv_view_count=90335\">\n\n    \n    \n<div class=\"archivecontainer\">\n\t\n\t\t\n\t\t<div class=\"one-fourth first\">\n\t\t\t\t<div class=\"categorie patients, temoignage\"><a href=\"https:\/\/belgianfapa.be\/fr\/category\/patients\/\">Patients<\/a>, <a href=\"https:\/\/belgianfapa.be\/fr\/category\/temoignage\/\">T&eacute;moignage<\/a><\/div>\n<a class=\"card\" href=\"https:\/\/belgianfapa.be\/fr\/les-papas-sur-le-desir-denfant\/\">\n<div class=\"box\">\n  <div class=\"image-container\"><img loading=\"lazy\" decoding=\"async\" width=\"2059\" height=\"1638\" src=\"https:\/\/belgianfapa.be\/wp-content\/uploads\/2024\/10\/Vincent-2-e1728298991252.jpg\" class=\"attachment-home-middle size-home-middle wp-post-image\" alt=\"\" srcset=\"https:\/\/belgianfapa.be\/wp-content\/uploads\/2024\/10\/Vincent-2-e1728298991252.jpg 2059w, https:\/\/belgianfapa.be\/wp-content\/uploads\/2024\/10\/Vincent-2-e1728298991252-240x191.jpg 240w, https:\/\/belgianfapa.be\/wp-content\/uploads\/2024\/10\/Vincent-2-e1728298991252-1024x815.jpg 1024w, https:\/\/belgianfapa.be\/wp-content\/uploads\/2024\/10\/Vincent-2-e1728298991252-768x611.jpg 768w, https:\/\/belgianfapa.be\/wp-content\/uploads\/2024\/10\/Vincent-2-e1728298991252-1536x1222.jpg 1536w, https:\/\/belgianfapa.be\/wp-content\/uploads\/2024\/10\/Vincent-2-e1728298991252-2048x1629.jpg 2048w\" sizes=\"auto, (max-width: 2059px) 100vw, 2059px\"><\/div>\n  \t<div class=\"panel\">\n<h3>Les papas sur le d&eacute;sir d&rsquo;enfant<\/h3>\n<p>Vincent, 44 ans, a pris contact avec FAPA apr&egrave;s avoir lu les articles sur le d&eacute;sir d&rsquo;enfant. Il s&rsquo;&eacute;tonnait de constater que la parole &eacute;tait principalement donn&eacute;e aux m&egrave;res, tandis &hellip;<\/p>\n\n  \t<\/div>\n<\/div>\n<\/a>\n\t\t\t<\/div>\n\t\t\n\t\t\n\t\t\t<div class=\"one-fourth\">\n\t\t\t\t<div class=\"categorie jeunes, temoignage\"><a href=\"https:\/\/belgianfapa.be\/fr\/category\/jeunes\/\">Jeunes<\/a>, <a href=\"https:\/\/belgianfapa.be\/fr\/category\/temoignage\/\">T&eacute;moignage<\/a><\/div>\n<a class=\"card\" href=\"https:\/\/belgianfapa.be\/fr\/wendy-nous-parle-de-son-desir-denfant\/\">\n<div class=\"box\">\n  <div class=\"image-container\"><img loading=\"lazy\" decoding=\"async\" width=\"3657\" height=\"1881\" src=\"https:\/\/belgianfapa.be\/wp-content\/uploads\/2024\/06\/wendy.png\" class=\"attachment-home-middle size-home-middle wp-post-image\" alt=\"\" srcset=\"https:\/\/belgianfapa.be\/wp-content\/uploads\/2024\/06\/wendy.png 3657w, https:\/\/belgianfapa.be\/wp-content\/uploads\/2024\/06\/wendy-240x123.png 240w, https:\/\/belgianfapa.be\/wp-content\/uploads\/2024\/06\/wendy-1024x527.png 1024w, https:\/\/belgianfapa.be\/wp-content\/uploads\/2024\/06\/wendy-768x395.png 768w, https:\/\/belgianfapa.be\/wp-content\/uploads\/2024\/06\/wendy-1536x790.png 1536w, https:\/\/belgianfapa.be\/wp-content\/uploads\/2024\/06\/wendy-2048x1053.png 2048w\" sizes=\"auto, (max-width: 3657px) 100vw, 3657px\"><\/div>\n  \t<div class=\"panel\">\n<h3>L&rsquo;histoire de Wendy<\/h3>\n<p>Je m&rsquo;appelle Wendy, j&rsquo;ai 31 ans. Je suis mari&eacute;e &agrave; Niels et nous avons une fille de 3 ans. On m&rsquo;a retir&eacute; le gros intestin il y a environ 18 &hellip;<\/p>\n\n  \t<\/div>\n<\/div>\n<\/a>\n\t\t\t<\/div>\n\t\t\n\t\t\n\t\t\t<div class=\"one-fourth\">\n\t\t\t\t<div class=\"categorie jeunes, temoignage\"><a href=\"https:\/\/belgianfapa.be\/fr\/category\/jeunes\/\">Jeunes<\/a>, <a href=\"https:\/\/belgianfapa.be\/fr\/category\/temoignage\/\">T&eacute;moignage<\/a><\/div>\n<a class=\"card\" href=\"https:\/\/belgianfapa.be\/fr\/nele-nous-parle-de-son-desir-denfant\/\">\n<div class=\"box\">\n  <div class=\"image-container\"><img loading=\"lazy\" decoding=\"async\" width=\"2560\" height=\"1920\" src=\"https:\/\/belgianfapa.be\/wp-content\/uploads\/2024\/06\/Nele-scaled-e1717669866601.jpg\" class=\"attachment-home-middle size-home-middle wp-post-image\" alt=\"\"><\/div>\n  \t<div class=\"panel\">\n<h3>Nele nous parle de son d&eacute;sir d&rsquo;enfant<\/h3>\n<p>Je m&rsquo;appelle Nele et j&rsquo;ai 39 ans. Je travaille en shifts et j&rsquo;ai un fils de 8 ans. Je savais depuis longtemps que j&rsquo;&eacute;tais atteinte de FAP, mais je ne &hellip;<\/p>\n\n  \t<\/div>\n<\/div>\n<\/a>\n\t\t\t<\/div>\n\t\t\n\t\t\n\t\t\t<div class=\"one-fourth\">\n\t\t\t\t<div class=\"categorie qualite-de-vie\"><a href=\"https:\/\/belgianfapa.be\/fr\/category\/qualite-de-vie\/\">Qualit&eacute; de vie<\/a><\/div>\n<a class=\"card\" href=\"https:\/\/belgianfapa.be\/fr\/vous-navez-pas-pu-venir\/\">\n<div class=\"box\">\n  <div class=\"image-container\"><img loading=\"lazy\" decoding=\"async\" width=\"2560\" height=\"1708\" src=\"https:\/\/belgianfapa.be\/wp-content\/uploads\/2023\/05\/DSC_0656-scaled.jpg\" class=\"attachment-home-middle size-home-middle wp-post-image\" alt=\"\" srcset=\"https:\/\/belgianfapa.be\/wp-content\/uploads\/2023\/05\/DSC_0656-scaled.jpg 2560w, https:\/\/belgianfapa.be\/wp-content\/uploads\/2023\/05\/DSC_0656-240x160.jpg 240w, https:\/\/belgianfapa.be\/wp-content\/uploads\/2023\/05\/DSC_0656-1024x683.jpg 1024w, https:\/\/belgianfapa.be\/wp-content\/uploads\/2023\/05\/DSC_0656-768x512.jpg 768w, https:\/\/belgianfapa.be\/wp-content\/uploads\/2023\/05\/DSC_0656-1536x1025.jpg 1536w, https:\/\/belgianfapa.be\/wp-content\/uploads\/2023\/05\/DSC_0656-2048x1367.jpg 2048w\" sizes=\"auto, (max-width: 2560px) 100vw, 2560px\"><\/div>\n  \t<div class=\"panel\">\n<h3>Vous n&rsquo;avez pas pu venir ?<\/h3>\n<p>Vous n&rsquo;avez pas pu assister &agrave; notre journ&eacute;e d&rsquo;information annuelle du 11 mars ? Pas de probl&egrave;me, d&eacute;couvrez les pr&eacute;sentations du chirurgien Daniel L&eacute;onard, de la g&eacute;n&eacute;ticienne Karin Dahan et &hellip;<\/p>\n\n  \t<\/div>\n<\/div>\n<\/a>\n\t\t\t<\/div>\n\n\n\t\t\n\t\t<div class=\"one-fourth first\">\n\t\t\t\t<div class=\"categorie patients, qualite-de-vie\"><a href=\"https:\/\/belgianfapa.be\/fr\/category\/patients\/\">Patients<\/a>, <a href=\"https:\/\/belgianfapa.be\/fr\/category\/qualite-de-vie\/\">Qualit&eacute; de vie<\/a><\/div>\n<a class=\"card\" href=\"https:\/\/belgianfapa.be\/fr\/masante-be-amelioree\/\">\n<div class=\"box\">\n  <div class=\"image-container\"><img loading=\"lazy\" decoding=\"async\" width=\"1280\" height=\"720\" src=\"https:\/\/belgianfapa.be\/wp-content\/uploads\/2023\/01\/MG-mooi-mooi-e1673364362128.jpg\" class=\"attachment-home-middle size-home-middle wp-post-image\" alt=\"\"><\/div>\n  \t<div class=\"panel\">\n<h3>masant&eacute;. be am&eacute;lior&eacute;e<\/h3>\n<p>Masant&eacute;.be est le site web qui vous permet de visualiser num&eacute;riquement vos donn&eacute;es de sant&eacute;. Le site vous montre le chemin vers les parties de votre dossier patient qui sont &hellip;<\/p>\n\n  \t<\/div>\n<\/div>\n<\/a>\n\t\t\t<\/div>\n\t\t\n\t\t\n\t\t\t<div class=\"one-fourth\">\n\t\t\t\t<div class=\"categorie patients, qualite-de-vie\"><a href=\"https:\/\/belgianfapa.be\/fr\/category\/patients\/\">Patients<\/a>, <a href=\"https:\/\/belgianfapa.be\/fr\/category\/qualite-de-vie\/\">Qualit&eacute; de vie<\/a><\/div>\n<a class=\"card\" href=\"https:\/\/belgianfapa.be\/fr\/journee-dinfo-le-11-mars-2023\/\">\n<div class=\"box\">\n  <div class=\"image-container\"><img loading=\"lazy\" decoding=\"async\" width=\"1080\" height=\"1080\" src=\"https:\/\/belgianfapa.be\/wp-content\/uploads\/2023\/01\/2-Logo-Fr-sans-adresse.jpg\" class=\"attachment-home-middle size-home-middle wp-post-image\" alt=\"\" srcset=\"https:\/\/belgianfapa.be\/wp-content\/uploads\/2023\/01\/2-Logo-Fr-sans-adresse.jpg 1080w, https:\/\/belgianfapa.be\/wp-content\/uploads\/2023\/01\/2-Logo-Fr-sans-adresse-240x240.jpg 240w, https:\/\/belgianfapa.be\/wp-content\/uploads\/2023\/01\/2-Logo-Fr-sans-adresse-1024x1024.jpg 1024w, https:\/\/belgianfapa.be\/wp-content\/uploads\/2023\/01\/2-Logo-Fr-sans-adresse-150x150.jpg 150w, https:\/\/belgianfapa.be\/wp-content\/uploads\/2023\/01\/2-Logo-Fr-sans-adresse-768x768.jpg 768w\" sizes=\"auto, (max-width: 1080px) 100vw, 1080px\"><\/div>\n  \t<div class=\"panel\">\n<h3>Journ&eacute;e d&rsquo;info : Le 11 mars 2023<\/h3>\n<p>La journ&eacute;e d&rsquo;information a eu lieu. Nous vous invitons &agrave; nous faire part de vos commentaires sur l&rsquo;organisation et le programme. &nbsp; &nbsp; &nbsp; &nbsp;<\/p>\n\n  \t<\/div>\n<\/div>\n<\/a>\n\t\t\t<\/div>\n\t\t\n\t\t\n\t\t\t<div class=\"one-fourth\">\n\t\t\t\t<div class=\"categorie alimentation\"><a href=\"https:\/\/belgianfapa.be\/fr\/category\/alimentation\/\">Alimentation<\/a><\/div>\n<a class=\"card\" href=\"https:\/\/belgianfapa.be\/fr\/que-sont-ces-micro-organismes-qui-vivent-en-nous\/\">\n<div class=\"box\">\n  <div class=\"image-container\"><img loading=\"lazy\" decoding=\"async\" width=\"2560\" height=\"2560\" src=\"https:\/\/belgianfapa.be\/wp-content\/uploads\/2023\/01\/national-cancer-institute-L7en7Lb-Ovc-unsplash-scaled.jpg\" class=\"attachment-home-middle size-home-middle wp-post-image\" alt=\"\" srcset=\"https:\/\/belgianfapa.be\/wp-content\/uploads\/2023\/01\/national-cancer-institute-L7en7Lb-Ovc-unsplash-scaled.jpg 2560w, https:\/\/belgianfapa.be\/wp-content\/uploads\/2023\/01\/national-cancer-institute-L7en7Lb-Ovc-unsplash-240x240.jpg 240w, https:\/\/belgianfapa.be\/wp-content\/uploads\/2023\/01\/national-cancer-institute-L7en7Lb-Ovc-unsplash-1024x1024.jpg 1024w, https:\/\/belgianfapa.be\/wp-content\/uploads\/2023\/01\/national-cancer-institute-L7en7Lb-Ovc-unsplash-150x150.jpg 150w, https:\/\/belgianfapa.be\/wp-content\/uploads\/2023\/01\/national-cancer-institute-L7en7Lb-Ovc-unsplash-768x768.jpg 768w, https:\/\/belgianfapa.be\/wp-content\/uploads\/2023\/01\/national-cancer-institute-L7en7Lb-Ovc-unsplash-1536x1536.jpg 1536w, https:\/\/belgianfapa.be\/wp-content\/uploads\/2023\/01\/national-cancer-institute-L7en7Lb-Ovc-unsplash-2048x2048.jpg 2048w\" sizes=\"auto, (max-width: 2560px) 100vw, 2560px\"><\/div>\n  \t<div class=\"panel\">\n<h3>Que sont ces micro-organismes qui vivent en nous ?<\/h3>\n<p>Le microbiote intestinal est un &eacute;cosyst&egrave;me constitu&eacute; d&rsquo;un&nbsp;ensemble de&nbsp;micro-organismes (bact&eacute;ries, virus, levures, arch&eacute;es)&nbsp;vivant le long de notre tube&nbsp;digestif. Cet &eacute;cosyst&egrave;me est constitu&eacute; de pr&egrave;s de 100.000 milliards de micro-organismes.<\/p>\n\n  \t<\/div>\n<\/div>\n<\/a>\n\t\t\t<\/div>\n\t\t\n\t\t\n\t\t\t<div class=\"one-fourth\">\n\t\t\t\t<div class=\"categorie alimentation, finances\"><a href=\"https:\/\/belgianfapa.be\/fr\/category\/alimentation\/\">Alimentation<\/a>, <a href=\"https:\/\/belgianfapa.be\/fr\/category\/finances\/\">Finances<\/a><\/div>\n<a class=\"card\" href=\"https:\/\/belgianfapa.be\/fr\/votre-mutuelle-rembourse-t-elle-les-consultations-dietetiques\/\">\n<div class=\"box\">\n  <div class=\"image-container\"><img loading=\"lazy\" decoding=\"async\" width=\"2000\" height=\"2500\" src=\"https:\/\/belgianfapa.be\/wp-content\/uploads\/2023\/01\/food-photographer-jennifer-pallian-oO_uAuKsnyM-unsplash.jpg\" class=\"attachment-home-middle size-home-middle wp-post-image\" alt=\"\" srcset=\"https:\/\/belgianfapa.be\/wp-content\/uploads\/2023\/01\/food-photographer-jennifer-pallian-oO_uAuKsnyM-unsplash.jpg 2000w, https:\/\/belgianfapa.be\/wp-content\/uploads\/2023\/01\/food-photographer-jennifer-pallian-oO_uAuKsnyM-unsplash-192x240.jpg 192w, https:\/\/belgianfapa.be\/wp-content\/uploads\/2023\/01\/food-photographer-jennifer-pallian-oO_uAuKsnyM-unsplash-819x1024.jpg 819w, https:\/\/belgianfapa.be\/wp-content\/uploads\/2023\/01\/food-photographer-jennifer-pallian-oO_uAuKsnyM-unsplash-768x960.jpg 768w, https:\/\/belgianfapa.be\/wp-content\/uploads\/2023\/01\/food-photographer-jennifer-pallian-oO_uAuKsnyM-unsplash-1229x1536.jpg 1229w, https:\/\/belgianfapa.be\/wp-content\/uploads\/2023\/01\/food-photographer-jennifer-pallian-oO_uAuKsnyM-unsplash-1638x2048.jpg 1638w\" sizes=\"auto, (max-width: 2000px) 100vw, 2000px\"><\/div>\n  \t<div class=\"panel\">\n<h3>Votre mutuelle rembourse t-elle les consultations di&eacute;t&eacute;tiques ?<\/h3>\n<p>Pour bon nombre de patients FAP et lynch, l&rsquo;un des plus grands freins &agrave; une consultation chez un professionnel di&eacute;t&eacute;ticien est le c&ocirc;ut, ou plut&ocirc;t le non remboursement de celui-ci &hellip;<\/p>\n\n  \t<\/div>\n<\/div>\n<\/a>\n\t\t\t<\/div>\n\n\n<\/div>\n    \n    \n<ul class=\"wpv-pagination-nav-links-container js-wpv-pagination-nav-links-container pagination\"><li class=\"wpv-pagination-nav-links-item js-wpv-pagination-nav-links-item page-item wpv-page-link-90335-1 js-wpv-page-link-90335-1 wpv_page_current wpv-pagination-nav-links-item-current active\"><span class=\"wpv-filter-pagination-link page-link\">1<\/span><\/li><li class=\"wpv-pagination-nav-links-item js-wpv-pagination-nav-links-item page-item wpv-page-link-90335-2 js-wpv-page-link-90335-2\"><a class=\"wpv-filter-pagination-link js-wpv-pagination-link page-link\" title=\"2\" href=\"\/fr\/wp-json\/wp\/v2\/pages\/1296?wpv_view_count=90335&amp;wpv_paged=2\" data-viewnumber=\"90335\" data-page=\"2\">2<\/a><\/li><li class=\"wpv-pagination-nav-links-item js-wpv-pagination-nav-links-item page-item wpv-page-link-90335-3 js-wpv-page-link-90335-3\"><a class=\"wpv-filter-pagination-link js-wpv-pagination-link page-link\" title=\"3\" href=\"\/fr\/wp-json\/wp\/v2\/pages\/1296?wpv_view_count=90335&amp;wpv_paged=3\" data-viewnumber=\"90335\" data-page=\"3\">3<\/a><\/li><li class=\"wpv-pagination-nav-links-item js-wpv-pagination-nav-links-item page-item wpv-page-link-90335-4 js-wpv-page-link-90335-4\"><a class=\"wpv-filter-pagination-link js-wpv-pagination-link page-link\" title=\"4\" href=\"\/fr\/wp-json\/wp\/v2\/pages\/1296?wpv_view_count=90335&amp;wpv_paged=4\" data-viewnumber=\"90335\" data-page=\"4\">4<\/a><\/li><li class=\"page-item\"><a class=\"wpv-filter-next-link js-wpv-pagination-next-link page-link \" href=\"\/fr\/wp-json\/wp\/v2\/pages\/1296?wpv_view_count=90335&amp;wpv_paged=2\" data-viewnumber=\"90335\" data-page=\"2\">&gt;<\/a><\/li><\/ul>\n<\/div>\r\n<\/div>\r\n<\/div><hr>\r\n<div class=\"col_cta\">\r\n<div class=\"one-third first\" style=\"text-align: center;\">\r\n<p><img loading=\"lazy\" decoding=\"async\" class=\"aligncenter wp-image-90349\" src=\"https:\/\/belgianfapa.be\/wp-content\/uploads\/2020\/06\/story-150x150.png\" alt=\"\" width=\"120\" height=\"120\" srcset=\"https:\/\/belgianfapa.be\/wp-content\/uploads\/2020\/06\/story-150x150.png 150w, https:\/\/belgianfapa.be\/wp-content\/uploads\/2020\/06\/story.png 256w\" sizes=\"auto, (max-width: 120px) 100vw, 120px\"><\/p>\r\n<h3>Partager votre t&eacute;moignage<\/h3>\r\n<div>Un t&eacute;moignage personnel est souvent le meilleur moyen de mettre en &eacute;vidence les probl&egrave;mes concernant FAP et Lynch. Votre propre histoire est donc plus que bienvenue!<\/div>\r\n<div class=\"button\"><a href=\"\/fr\/community\">Raconter votre histoire<\/a><\/div>\r\n<\/div>\r\n<div class=\"one-third\" style=\"text-align: center;\">\r\n<p><img loading=\"lazy\" decoding=\"async\" class=\"aligncenter wp-image-88104\" src=\"https:\/\/belgianfapa.be\/wp-content\/uploads\/2018\/12\/group-150x150.png\" alt=\"\" width=\"120\" height=\"120\" srcset=\"https:\/\/belgianfapa.be\/wp-content\/uploads\/2018\/12\/group-150x150.png 150w, https:\/\/belgianfapa.be\/wp-content\/uploads\/2018\/12\/group-240x240.png 240w, https:\/\/belgianfapa.be\/wp-content\/uploads\/2018\/12\/group.png 256w\" sizes=\"auto, (max-width: 120px) 100vw, 120px\"><\/p>\r\n<h3>Communaut&eacute; de patients<\/h3>\r\n<p>Vous avez une question ou vous souhaitez partager des informations par rapport au traitement&nbsp;? Faites-le via notre communaut&eacute; de patients<\/p>\r\n<div class=\"button\"><a href=\"\/fr\/registreer\">Adh&eacute;rer<\/a><\/div>\r\n<\/div>\r\n<div class=\"one-third\" style=\"text-align: center;\">\r\n<p><img loading=\"lazy\" decoding=\"async\" class=\"aligncenter wp-image-90352\" src=\"https:\/\/belgianfapa.be\/wp-content\/uploads\/2020\/06\/survey-150x150.png\" alt=\"\" width=\"120\" height=\"120\" srcset=\"https:\/\/belgianfapa.be\/wp-content\/uploads\/2020\/06\/survey-150x150.png 150w, https:\/\/belgianfapa.be\/wp-content\/uploads\/2020\/06\/survey.png 256w\" sizes=\"auto, (max-width: 120px) 100vw, 120px\"><\/p>\r\n<h3>Votre opinion compte<\/h3>\r\n<p>Quel type d&rsquo;aliments fonctionne mieux ou moins bien apr&egrave;s la chirurgie?<\/p>\r\n<div class=\"button\"><a href=\"\/fr\/tell-me-what-you-eat\/\">Remplir l&rsquo;enqu&ecirc;te<\/a><\/div>\r\n<\/div>\r\n<\/div>\r\n<hr>\r\n<h3>T&eacute;l&eacute;charger nos brochures<\/h3>\r\n<div class=\"w3eden\">\n    <div class=\"\">\n\n        \n        <div id=\"content_wpdm_package_1\">\n            <div class=\"row\"><div class=\"col-lg-3 col-md-6 col-12\"><div class=\"list-group wpdm-lt-card\" style=\"margin: 15px 0\">\n        <div class=\"list-group-item\">\n            <a href=\"https:\/\/belgianfapa.be\/fr\/wpdmpro\/presentation-fapa\/?wpdmdl=3235&amp;refresh=69dd2ea38540f1776103075\" style=\"display: block;margin: 5px 0;text-align:center;\"><img class=\"wpdm-thumb wpdm-thumb-140x198 wpdm-thumb-3235\" src=\"https:\/\/belgianfapa.be\/wp-content\/uploads\/wpdm-cache\/Folder-FAPA-Fr-140x198.png\" alt=\"Pr&eacute;sentation FAPA\"><\/a>\n        <\/div>\n        <div class=\"list-group-item\">\n            <h6 style=\"padding: 0px;margin:0px;text-align:center;\"><a href=\"https:\/\/belgianfapa.be\/fr\/wpdmpro\/presentation-fapa\/?wpdmdl=3235&amp;refresh=69dd2ea38540f1776103075\">Pr&eacute;sentation FAPA<\/a> <\/h6>       \n          <\/div>\n    <\/div><\/div><div class=\"col-lg-3 col-md-6 col-12\"><div class=\"list-group wpdm-lt-card\" style=\"margin: 15px 0\">\n        <div class=\"list-group-item\">\n            <a href=\"https:\/\/belgianfapa.be\/fr\/wpdmpro\/brochure-fap\/?wpdmdl=3237&amp;refresh=69dd2ea38f12d1776103075\" style=\"display: block;margin: 5px 0;text-align:center;\"><img class=\"wpdm-thumb wpdm-thumb-140x198 wpdm-thumb-3237\" src=\"https:\/\/belgianfapa.be\/wp-content\/uploads\/wpdm-cache\/brochure-FAP2-140x198.png\" alt=\"Brochure FAP\"><\/a>\n        <\/div>\n        <div class=\"list-group-item\">\n            <h6 style=\"padding: 0px;margin:0px;text-align:center;\"><a href=\"https:\/\/belgianfapa.be\/fr\/wpdmpro\/brochure-fap\/?wpdmdl=3237&amp;refresh=69dd2ea38f12d1776103075\">Brochure FAP<\/a> <\/h6>       \n          <\/div>\n    <\/div><\/div><div class=\"col-lg-3 col-md-6 col-12\"><div class=\"list-group wpdm-lt-card\" style=\"margin: 15px 0\">\n        <div class=\"list-group-item\">\n            <a href=\"https:\/\/belgianfapa.be\/fr\/wpdmpro\/infobrochure-hnpcc-fr-def-pdf\/?wpdmdl=1347&amp;refresh=69dd2ea3a0ff21776103075\" style=\"display: block;margin: 5px 0;text-align:center;\"><img class=\"wpdm-thumb wpdm-thumb-140x198 wpdm-thumb-1347\" src=\"https:\/\/belgianfapa.be\/wp-content\/uploads\/wpdm-cache\/infobrochure-HNPCC_FR_def-140x198.jpg\" alt=\"Brochure syndrome de Lynch\"><\/a>\n        <\/div>\n        <div class=\"list-group-item\">\n            <h6 style=\"padding: 0px;margin:0px;text-align:center;\"><a href=\"https:\/\/belgianfapa.be\/fr\/wpdmpro\/infobrochure-hnpcc-fr-def-pdf\/?wpdmdl=1347&amp;refresh=69dd2ea3a0ff21776103075\">Brochure syndrome de Lynch<\/a> <\/h6>       \n          <\/div>\n    <\/div><\/div><div class=\"col-lg-3 col-md-6 col-12\"><div class=\"list-group wpdm-lt-card\" style=\"margin: 15px 0\">\n        <div class=\"list-group-item\">\n            <a href=\"https:\/\/belgianfapa.be\/fr\/wpdmpro\/leaflet-e\/?wpdmdl=94105&amp;refresh=69dd2ea3b10e21776103075\" style=\"display: block;margin: 5px 0;text-align:center;\"><img class=\"wpdm-thumb wpdm-thumb-140x198 wpdm-thumb-94105\" src=\"https:\/\/belgianfapa.be\/wp-content\/uploads\/wpdm-cache\/Lynch-E-e1690368039495-140x198.png\" alt=\"Leaflet Lynch E\"><\/a>\n        <\/div>\n        <div class=\"list-group-item\">\n            <h6 style=\"padding: 0px;margin:0px;text-align:center;\"><a href=\"https:\/\/belgianfapa.be\/fr\/wpdmpro\/leaflet-e\/?wpdmdl=94105&amp;refresh=69dd2ea3b10e21776103075\">Leaflet Lynch E<\/a> <\/h6>       \n          <\/div>\n    <\/div><\/div><\/div>            <div style=\"clear:both\"><\/div><div class=\"text-center\"><ul class=\"pagination wpdm-pagination pagination-centered text-center\"><\/ul><\/div><div style=\"clear:both\"><\/div>        <\/div>\n\n        <div style=\"clear:both\"><\/div>\n    <\/div>\n<\/div>\n\r\n<div>&nbsp;<\/div>\r\n\n\n\n<div id=\"wpv-view-layout-3536-CATTR6af5be6f55b2b3557eb0c44cb0018b73\" class=\"js-wpv-view-layout js-wpv-layout-responsive js-wpv-view-layout-3536-CATTR6af5be6f55b2b3557eb0c44cb0018b73\" data-viewnumber=\"3536-CATTR6af5be6f55b2b3557eb0c44cb0018b73\" data-pagination='{\"id\":3536,\"query\":\"normal\",\"type\":\"disabled\",\"effect\":\"fade\",\"duration\":\"500\",\"speed\":\"5\",\"pause_on_hover\":\"disabled\",\"stop_rollover\":\"false\",\"cache_pages\":\"enabled\",\"preload_images\":\"enabled\",\"preload_pages\":\"enabled\",\"preload_reach\":\"1\",\"spinner\":\"builtin\",\"spinner_image\":\"https:\/\/belgianfapa.be\/wp-content\/plugins\/wp-views\/embedded\/res\/img\/ajax-loader.gif\",\"callback_next\":\"\",\"manage_history\":\"enabled\",\"has_controls_in_form\":\"disabled\",\"infinite_tolerance\":\"0\",\"max_pages\":0,\"page\":1,\"base_permalink\":\"\/fr\/wp-json\/wp\/v2\/pages\/1296?wpv_view_count=3536-CATTR6af5be6f55b2b3557eb0c44cb0018b73&amp;wpv_paged=WPV_PAGE_NUM\",\"loop\":{\"type\":\"\",\"name\":\"\",\"data\":[],\"id\":0}}' data-permalink=\"\/fr\/wp-json\/wp\/v2\/pages\/1296?wpv_view_count=3536-CATTR6af5be6f55b2b3557eb0c44cb0018b73\">\n\n\t\n\t\n\n<div class=\"testimonial\">\n\n\t\n      <div class=\"testimonial-img\"><img loading=\"lazy\" decoding=\"async\" width=\"150\" height=\"150\" src=\"https:\/\/belgianfapa.be\/wp-content\/uploads\/2018\/03\/family-150x150.jpeg\" class=\"attachment-thumbnail size-thumbnail portrait wp-post-image\" alt=\"\"><\/div>\n      <div class=\"testimonial-content\">\n\t<p>Faire partie de FAPA donne le sentiment d&rsquo;&ecirc;tre au courant, de savoir et d&rsquo;avoir ainsi le contr&ocirc;le.<\/p>\n\n\t  <\/div>\n\t\n<\/div>\n\t\n\t\n\t\n<\/div>","protected":false},"excerpt":{"rendered":"<p>Partager votre t\u00e9moignage Un t\u00e9moignage personnel est souvent le meilleur moyen de mettre en \u00e9vidence les probl\u00e8mes concernant FAP et Lynch. Votre propre histoire est donc plus que bienvenue! Raconter votre histoire Communaut\u00e9 de patients Vous avez une question ou&#8230;<\/p>\n","protected":false},"author":1,"featured_media":3944,"parent":0,"menu_order":0,"comment_status":"closed","ping_status":"closed","template":"","meta":{"_acf_changed":false,"kk_blocks_editor_width":"","_kiokenblocks_attr":"","_kiokenblocks_dimensions":"","footnotes":""},"class_list":["post-1296","page","type-page","status-publish","has-post-thumbnail","hentry"],"acf":[],"_links":{"self":[{"href":"https:\/\/belgianfapa.be\/fr\/wp-json\/wp\/v2\/pages\/1296","targetHints":{"allow":["GET"]}}],"collection":[{"href":"https:\/\/belgianfapa.be\/fr\/wp-json\/wp\/v2\/pages"}],"about":[{"href":"https:\/\/belgianfapa.be\/fr\/wp-json\/wp\/v2\/types\/page"}],"author":[{"embeddable":true,"href":"https:\/\/belgianfapa.be\/fr\/wp-json\/wp\/v2\/users\/1"}],"replies":[{"embeddable":true,"href":"https:\/\/belgianfapa.be\/fr\/wp-json\/wp\/v2\/comments?post=1296"}],"version-history":[{"count":19,"href":"https:\/\/belgianfapa.be\/fr\/wp-json\/wp\/v2\/pages\/1296\/revisions"}],"predecessor-version":[{"id":94110,"href":"https:\/\/belgianfapa.be\/fr\/wp-json\/wp\/v2\/pages\/1296\/revisions\/94110"}],"wp:featuredmedia":[{"embeddable":true,"href":"https:\/\/belgianfapa.be\/fr\/wp-json\/wp\/v2\/media\/3944"}],"wp:attachment":[{"href":"https:\/\/belgianfapa.be\/fr\/wp-json\/wp\/v2\/media?parent=1296"}],"curies":[{"name":"wp","href":"https:\/\/api.w.org\/{rel}","templated":true}]}}