{"id":1314,"date":"2018-01-19T13:26:46","date_gmt":"2018-01-19T13:26:46","guid":{"rendered":"https:\/\/belgianfapa.anmdev.be\/?page_id=1314"},"modified":"2020-09-29T12:46:07","modified_gmt":"2020-09-29T10:46:07","slug":"privacy","status":"publish","type":"page","link":"https:\/\/belgianfapa.be\/fr\/privacy\/","title":{"rendered":"D\u00e9claration de confidentialit\u00e9"},"content":{"rendered":"<p><img loading=\"lazy\" decoding=\"async\" class=\"size-full wp-image-91263 alignright\" src=\"https:\/\/belgianfapa.be\/wp-content\/uploads\/2020\/09\/gdpr.png\" alt=\"\" width=\"301\" height=\"167\">Dans le cadre de la l&eacute;gislation europ&eacute;enne sur la protection des donn&eacute;es, nous souhaitons vous informer au sujet du traitement des donn&eacute;es. La version la plus r&eacute;cente de notre d&eacute;claration de confidentialit&eacute; se trouve en bas de cette page:<\/p>\n<div class=\"w3eden\"><div class=\"mediacontainer\">\n<a href=\"https:\/\/belgianfapa.be\/nl\/wpdmpro\/privacy-policy-fr\/?wpdmdl=90659&amp;refresh=69d811316536b1775767857\">\n<div class=\"media\">    \n    <div class=\"pull-left\"><img decoding=\"async\" class=\"wpdm_icon\" alt=\"Ic&ocirc;ne\" src=\"https:\/\/belgianfapa.be\/wp-content\/plugins\/download-manager\/assets\/file-type-icons\/pdf.svg\"><\/div>  \n    <div class=\"media-body\">\n    <h6 class=\"media-heading\">Privacy Policy Fr<\/h6>\n   139.77 KB <i style=\"margin: 2px 0 0 5px;opacity:0.5\" class=\"icon icon-download-alt\"><\/i>\n    <\/div>\n<div class=\"overlay\"><\/div>\n  <\/div>\n<\/a>\n<\/div><\/div>\n","protected":false},"excerpt":{"rendered":"<p>Dans le cadre de la l\u00e9gislation europ\u00e9enne sur la protection des donn\u00e9es, nous souhaitons vous informer au sujet du traitement des donn\u00e9es. La version la plus r\u00e9cente de notre d\u00e9claration de confidentialit\u00e9 se trouve en bas de cette page:<\/p>\n","protected":false},"author":1,"featured_media":0,"parent":0,"menu_order":0,"comment_status":"closed","ping_status":"closed","template":"","meta":{"_acf_changed":false,"kk_blocks_editor_width":"","_kiokenblocks_attr":"","_kiokenblocks_dimensions":"","footnotes":""},"class_list":["post-1314","page","type-page","status-publish","hentry"],"acf":[],"_links":{"self":[{"href":"https:\/\/belgianfapa.be\/fr\/wp-json\/wp\/v2\/pages\/1314","targetHints":{"allow":["GET"]}}],"collection":[{"href":"https:\/\/belgianfapa.be\/fr\/wp-json\/wp\/v2\/pages"}],"about":[{"href":"https:\/\/belgianfapa.be\/fr\/wp-json\/wp\/v2\/types\/page"}],"author":[{"embeddable":true,"href":"https:\/\/belgianfapa.be\/fr\/wp-json\/wp\/v2\/users\/1"}],"replies":[{"embeddable":true,"href":"https:\/\/belgianfapa.be\/fr\/wp-json\/wp\/v2\/comments?post=1314"}],"version-history":[{"count":10,"href":"https:\/\/belgianfapa.be\/fr\/wp-json\/wp\/v2\/pages\/1314\/revisions"}],"predecessor-version":[{"id":91270,"href":"https:\/\/belgianfapa.be\/fr\/wp-json\/wp\/v2\/pages\/1314\/revisions\/91270"}],"wp:attachment":[{"href":"https:\/\/belgianfapa.be\/fr\/wp-json\/wp\/v2\/media?parent=1314"}],"curies":[{"name":"wp","href":"https:\/\/api.w.org\/{rel}","templated":true}]}}