{"id":2698,"date":"2010-09-07T08:43:43","date_gmt":"2010-09-07T08:43:43","guid":{"rendered":"https:\/\/belgianfapa.anmdev.be\/laffection\/"},"modified":"2023-11-08T16:27:41","modified_gmt":"2023-11-08T15:27:41","slug":"fap-laffection","status":"publish","type":"page","link":"https:\/\/belgianfapa.be\/fr\/fap-laffection\/","title":{"rendered":"FAP"},"content":{"rendered":"<p>Cette rubrique veut r&eacute;pondre aux questions que se posent tr&egrave;s souvent les patients atteints de <strong>polypose ad&eacute;nomateuse familiale (FAP)<\/strong> et leur famille. Les informations contenues dans cette rubrique compl&egrave;tent, mais ne remplacent en aucun cas les informations fournies par vos m&eacute;decins, infirmiers ou autres membres du personnel soignant.<\/p>\n<p>Comme vous le constaterez, il est tr&egrave;s important que les patients atteints de polypose soient suivis r&eacute;guli&egrave;rement. Plus important encore, tous les membres de la famille susceptibles de d&eacute;velopper un jour une polypose doivent &ecirc;tre examin&eacute;s r&eacute;guli&egrave;rement d&egrave;s l&rsquo;adolescence.<\/p>\n<p>Si apr&egrave;s la lecture de cette rubrique, vous souhaitez davantage de pr&eacute;cisions sur un point particulier, n&rsquo;h&eacute;sitez pas &agrave; contacter votre m&eacute;decin.<\/p>\n<form autocomplete=\"off\" name=\"wpv-filter-94223\" action=\"\/fr\/wp-json\/wp\/v2\/pages\/2698?wpv_view_count=94223\" method=\"get\" class=\"wpv-filter-form js-wpv-filter-form js-wpv-filter-form-94223 js-wpv-form-full\" data-viewnumber=\"94223\" data-viewid=\"94223\" data-viewhash=\"eyJuYW1lIjoiZmFwLWJsb2ctcG9zdHMifQ==\" data-viewwidgetid=\"0\" data-orderby=\"\" data-order=\"\" data-orderbyas=\"\" data-orderbysecond=\"\" data-ordersecond=\"\" data-parametric='{\"query\":\"normal\",\"id\":94223,\"view_id\":94223,\"widget_id\":0,\"view_hash\":\"94223\",\"action\":\"\\\/fr\\\/wp-json\\\/wp\\\/v2\\\/pages\\\/2698?wpv_view_count=94223\",\"sort\":{\"orderby\":\"\",\"order\":\"\",\"orderby_as\":\"\",\"orderby_second\":\"\",\"order_second\":\"\"},\"orderby\":\"\",\"order\":\"\",\"orderby_as\":\"\",\"orderby_second\":\"\",\"order_second\":\"\",\"ajax_form\":\"\",\"ajax_results\":\"\",\"effect\":\"fade\",\"prebefore\":\"\",\"before\":\"\",\"after\":\"\",\"attributes\":[],\"environment\":{\"current_post_id\":2698,\"parent_post_id\":2698,\"parent_term_id\":0,\"parent_user_id\":0,\"archive\":{\"type\":\"\",\"name\":\"\",\"data\":[]}},\"loop\":{\"type\":\"\",\"name\":\"\",\"data\":[],\"id\":0}}' data-attributes=\"[]\" data-environment='{\"current_post_id\":2698,\"parent_post_id\":2698,\"parent_term_id\":0,\"parent_user_id\":0,\"archive\":{\"type\":\"\",\"name\":\"\",\"data\":[]}}'><input type=\"hidden\" class=\"js-wpv-dps-filter-data js-wpv-filter-data-for-this-form\" data-action=\"\/fr\/wp-json\/wp\/v2\/pages\/2698?wpv_view_count=94223\" data-page=\"1\" data-ajax=\"disable\" data-effect=\"fade\" data-maxpages=\"1\" data-ajaxprebefore=\"\" data-ajaxbefore=\"\" data-ajaxafter=\"\"><input class=\"wpv_view_count wpv_view_count-94223\" type=\"hidden\" name=\"wpv_view_count\" value=\"94223\">\n\n<\/form>\n<div id=\"wpv-view-layout-94223\" class=\"js-wpv-view-layout js-wpv-layout-responsive js-wpv-view-layout-94223\" data-viewnumber=\"94223\" data-pagination='{\"id\":94223,\"query\":\"normal\",\"type\":\"paged\",\"effect\":\"fade\",\"duration\":\"500\",\"speed\":\"5\",\"pause_on_hover\":\"disabled\",\"stop_rollover\":\"false\",\"cache_pages\":\"enabled\",\"preload_images\":\"enabled\",\"preload_pages\":\"enabled\",\"preload_reach\":\"1\",\"spinner\":\"builtin\",\"spinner_image\":\"\",\"callback_next\":\"\",\"manage_history\":\"enabled\",\"has_controls_in_form\":\"disabled\",\"infinite_tolerance\":0,\"max_pages\":1,\"page\":1,\"base_permalink\":\"\/fr\/wp-json\/wp\/v2\/pages\/2698?wpv_view_count=94223&amp;wpv_paged=WPV_PAGE_NUM\",\"loop\":{\"type\":\"\",\"name\":\"\",\"data\":[],\"id\":0}}' data-permalink=\"\/fr\/wp-json\/wp\/v2\/pages\/2698?wpv_view_count=94223\">\n\n    \n    \n<div class=\"archivecontainer\">\n\t\n\t\t\n\t\t<div class=\"one-fourth first\">\n\t\t\t\t<a class=\"card\" href=\"https:\/\/belgianfapa.be\/fr\/les-symptomes\/\">\n<div class=\"box\">\n  <div class=\"image-container\"><img loading=\"lazy\" decoding=\"async\" width=\"2560\" height=\"1707\" src=\"https:\/\/belgianfapa.be\/wp-content\/uploads\/2023\/11\/rashid-khreiss-GpHTADC1bsM-unsplash-scaled.jpg\" class=\"attachment-home-middle size-home-middle wp-post-image\" alt=\"\" srcset=\"https:\/\/belgianfapa.be\/wp-content\/uploads\/2023\/11\/rashid-khreiss-GpHTADC1bsM-unsplash-scaled.jpg 2560w, https:\/\/belgianfapa.be\/wp-content\/uploads\/2023\/11\/rashid-khreiss-GpHTADC1bsM-unsplash-240x160.jpg 240w, https:\/\/belgianfapa.be\/wp-content\/uploads\/2023\/11\/rashid-khreiss-GpHTADC1bsM-unsplash-1024x683.jpg 1024w, https:\/\/belgianfapa.be\/wp-content\/uploads\/2023\/11\/rashid-khreiss-GpHTADC1bsM-unsplash-768x512.jpg 768w, https:\/\/belgianfapa.be\/wp-content\/uploads\/2023\/11\/rashid-khreiss-GpHTADC1bsM-unsplash-1536x1024.jpg 1536w, https:\/\/belgianfapa.be\/wp-content\/uploads\/2023\/11\/rashid-khreiss-GpHTADC1bsM-unsplash-2048x1365.jpg 2048w\" sizes=\"auto, (max-width: 2560px) 100vw, 2560px\"><\/div>\n  \t<div class=\"panel\">\n<h3>Les sympt&ocirc;mes<\/h3>\n<p>Il est possible d&rsquo;&ecirc;tre atteint de FAP sans le savoir. La plupart des patients d&eacute;veloppent des polypes sans la moindre plainte. Cependant, un ou plusieurs sympt&ocirc;mes peuvent appara&icirc;tre: du sang &hellip;<\/p>\n\n  \t<\/div>\n<\/div>\n<\/a>\n\t\t\t<\/div>\n\t\t\n\t\t\n\t\t\t<div class=\"one-fourth\">\n\t\t\t\t<a class=\"card\" href=\"https:\/\/belgianfapa.be\/fr\/le-syndrome\/\">\n<div class=\"box\">\n  <div class=\"image-container\"><img loading=\"lazy\" decoding=\"async\" width=\"348\" height=\"180\" src=\"https:\/\/belgianfapa.be\/wp-content\/uploads\/2018\/03\/familial-adenomatous-polyposis-2-348x180.jpg\" class=\"attachment-home-middle size-home-middle wp-post-image\" alt=\"\"><\/div>\n  \t<div class=\"panel\">\n<h3>La maladie<\/h3>\n<p>La polypose ad&eacute;nomateuse familiale (FAP) est une maladie h&eacute;r&eacute;ditaire qui touche surtout le gros intestin (c&ocirc;lon et rectum). Les personnes atteintes de FAP d&eacute;veloppent d&egrave;s leur jeune &acirc;ge, en particulier &hellip;<\/p>\n\n  \t<\/div>\n<\/div>\n<\/a>\n\t\t\t<\/div>\n\t\t\n\t\t\n\t\t\t<div class=\"one-fourth\">\n\t\t\t\t<a class=\"card\" href=\"https:\/\/belgianfapa.be\/fr\/le-traitement-2\/\">\n<div class=\"box\">\n  <div class=\"image-container\"><img loading=\"lazy\" decoding=\"async\" width=\"2560\" height=\"1707\" src=\"https:\/\/belgianfapa.be\/wp-content\/uploads\/2022\/09\/jafar-ahmed-E285pJbC4uE-unsplash-scaled.jpg\" class=\"attachment-home-middle size-home-middle wp-post-image\" alt=\"\" srcset=\"https:\/\/belgianfapa.be\/wp-content\/uploads\/2022\/09\/jafar-ahmed-E285pJbC4uE-unsplash-scaled.jpg 2560w, https:\/\/belgianfapa.be\/wp-content\/uploads\/2022\/09\/jafar-ahmed-E285pJbC4uE-unsplash-240x160.jpg 240w, https:\/\/belgianfapa.be\/wp-content\/uploads\/2022\/09\/jafar-ahmed-E285pJbC4uE-unsplash-1024x683.jpg 1024w, https:\/\/belgianfapa.be\/wp-content\/uploads\/2022\/09\/jafar-ahmed-E285pJbC4uE-unsplash-768x512.jpg 768w, https:\/\/belgianfapa.be\/wp-content\/uploads\/2022\/09\/jafar-ahmed-E285pJbC4uE-unsplash-1536x1024.jpg 1536w, https:\/\/belgianfapa.be\/wp-content\/uploads\/2022\/09\/jafar-ahmed-E285pJbC4uE-unsplash-2048x1365.jpg 2048w\" sizes=\"auto, (max-width: 2560px) 100vw, 2560px\"><\/div>\n  \t<div class=\"panel\">\n<h3>Le traitement<\/h3>\n<p>Un diagnostic pr&eacute;coce est important pour d&eacute;tecter les polypes &agrave; temps et les enlever avant qu&rsquo;ils ne se transforment en cancer. Le diagnostic pr&eacute;coce conduit donc &agrave; un traitement pr&eacute;coce &hellip;<\/p>\n\n  \t<\/div>\n<\/div>\n<\/a>\n\t\t\t<\/div>\n\t\t\n\t\t\n\t\t\t<div class=\"one-fourth\">\n\t\t\t\t<a class=\"card\" href=\"https:\/\/belgianfapa.be\/fr\/faq-2\/\">\n<div class=\"box\">\n  <div class=\"image-container\"><img loading=\"lazy\" decoding=\"async\" width=\"179\" height=\"281\" src=\"https:\/\/belgianfapa.be\/wp-content\/uploads\/2010\/09\/vraagteken.jpg\" class=\"attachment-home-middle size-home-middle wp-post-image\" alt=\"\" srcset=\"https:\/\/belgianfapa.be\/wp-content\/uploads\/2010\/09\/vraagteken.jpg 179w, https:\/\/belgianfapa.be\/wp-content\/uploads\/2010\/09\/vraagteken-153x240.jpg 153w\" sizes=\"auto, (max-width: 179px) 100vw, 179px\"><\/div>\n  \t<div class=\"panel\">\n<h3>FAQ<\/h3>\n<p>Trouvez ici la r&eacute;ponse &agrave; toutes les questions que vous vouliez poser. N&rsquo;h&eacute;sitez pas &agrave; aborder les sujets avec votre professionnel de sant&eacute;. Dans une famille atteinte de FAP, la &hellip;<\/p>\n\n  \t<\/div>\n<\/div>\n<\/a>\n\t\t\t<\/div>\n\n\n\t\t\n\t\t<div class=\"one-fourth first\">\n\t\t\t\t<a class=\"card\" href=\"https:\/\/belgianfapa.be\/fr\/fap-vs-map-2\/\">\n<div class=\"box\">\n  <div class=\"image-container\"><img loading=\"lazy\" decoding=\"async\" width=\"480\" height=\"300\" src=\"https:\/\/belgianfapa.be\/wp-content\/uploads\/2021\/01\/MYH-mutations-480x300.jpg\" class=\"attachment-home-middle size-home-middle wp-post-image\" alt=\"\"><\/div>\n  \t<div class=\"panel\">\n<h3>D&rsquo;autres formes de polypose<\/h3>\n<p>La polypose caus&eacute;e par un d&eacute;faut dans le g&egrave;ne MYH (polypose ad&eacute;nomateuse associ&eacute;e au g&egrave;ne MYH = MAP) est une forme h&eacute;r&eacute;ditaire de polypose.<\/p>\n\n  \t<\/div>\n<\/div>\n<\/a>\n\t\t\t<\/div>\n\t\t\n\t\t\n\t\t\t<div class=\"one-fourth\">\n\t\t\t\t<a class=\"card\" href=\"https:\/\/belgianfapa.be\/fr\/autres-manifestations\/\">\n<div class=\"box\">\n  <div class=\"image-container\"><img loading=\"lazy\" decoding=\"async\" width=\"2560\" height=\"1668\" src=\"https:\/\/belgianfapa.be\/wp-content\/uploads\/2010\/09\/national-cancer-institute-odggKTyA5o0-unsplash-scaled.jpg\" class=\"attachment-home-middle size-home-middle wp-post-image\" alt=\"\" srcset=\"https:\/\/belgianfapa.be\/wp-content\/uploads\/2010\/09\/national-cancer-institute-odggKTyA5o0-unsplash-scaled.jpg 2560w, https:\/\/belgianfapa.be\/wp-content\/uploads\/2010\/09\/national-cancer-institute-odggKTyA5o0-unsplash-240x156.jpg 240w, https:\/\/belgianfapa.be\/wp-content\/uploads\/2010\/09\/national-cancer-institute-odggKTyA5o0-unsplash-1024x667.jpg 1024w, https:\/\/belgianfapa.be\/wp-content\/uploads\/2010\/09\/national-cancer-institute-odggKTyA5o0-unsplash-768x500.jpg 768w, https:\/\/belgianfapa.be\/wp-content\/uploads\/2010\/09\/national-cancer-institute-odggKTyA5o0-unsplash-1536x1001.jpg 1536w, https:\/\/belgianfapa.be\/wp-content\/uploads\/2010\/09\/national-cancer-institute-odggKTyA5o0-unsplash-2048x1334.jpg 2048w\" sizes=\"auto, (max-width: 2560px) 100vw, 2560px\"><\/div>\n  \t<div class=\"panel\">\n<h3>Plus qu&rsquo;une maladie du gros intestin<\/h3>\n<p>En cas de FAP, en plus de se former dans le c&ocirc;lon, des polypes se d&eacute;veloppent r&eacute;guli&egrave;rement dans l&rsquo;estomac et le duod&eacute;num (dans +\/- 90% des cas). Tandis que les &hellip;<\/p>\n\n  \t<\/div>\n<\/div>\n<\/a>\n\t\t\t<\/div>\n\t\t\n\n\n\t\n<\/div>\n    \n    \n\n<\/div>\n<hr>\n<h3>T&eacute;l&eacute;chargez nos brochures<\/h3>\n<div class=\"w3eden\">\n    <div class=\"\">\n\n        \n        <div id=\"content_wpdm_package_1\">\n            <div class=\"row\"><div class=\"col-lg-3 col-md-6 col-12\"><div class=\"list-group wpdm-lt-card\" style=\"margin: 15px 0\">\n        <div class=\"list-group-item\">\n            <a href=\"https:\/\/belgianfapa.be\/fr\/wpdmpro\/presentation-fapa\/?wpdmdl=3235&amp;refresh=69e8bb76729771776860022\" style=\"display: block;margin: 5px 0;text-align:center;\"><img class=\"wpdm-thumb wpdm-thumb-140x198 wpdm-thumb-3235\" src=\"https:\/\/belgianfapa.be\/wp-content\/uploads\/wpdm-cache\/Folder-FAPA-Fr-140x198.png\" alt=\"Pr&eacute;sentation FAPA\"><\/a>\n        <\/div>\n        <div class=\"list-group-item\">\n            <h6 style=\"padding: 0px;margin:0px;text-align:center;\"><a href=\"https:\/\/belgianfapa.be\/fr\/wpdmpro\/presentation-fapa\/?wpdmdl=3235&amp;refresh=69e8bb76729771776860022\">Pr&eacute;sentation FAPA<\/a> <\/h6>       \n          <\/div>\n    <\/div><\/div><div class=\"col-lg-3 col-md-6 col-12\"><div class=\"list-group wpdm-lt-card\" style=\"margin: 15px 0\">\n        <div class=\"list-group-item\">\n            <a href=\"https:\/\/belgianfapa.be\/fr\/wpdmpro\/brochure-fap\/?wpdmdl=3237&amp;refresh=69e8bb767efe21776860022\" style=\"display: block;margin: 5px 0;text-align:center;\"><img class=\"wpdm-thumb wpdm-thumb-140x198 wpdm-thumb-3237\" src=\"https:\/\/belgianfapa.be\/wp-content\/uploads\/wpdm-cache\/brochure-FAP2-140x198.png\" alt=\"Brochure FAP\"><\/a>\n        <\/div>\n        <div class=\"list-group-item\">\n            <h6 style=\"padding: 0px;margin:0px;text-align:center;\"><a href=\"https:\/\/belgianfapa.be\/fr\/wpdmpro\/brochure-fap\/?wpdmdl=3237&amp;refresh=69e8bb767efe21776860022\">Brochure FAP<\/a> <\/h6>       \n          <\/div>\n    <\/div><\/div><div class=\"col-lg-3 col-md-6 col-12\"><div class=\"list-group wpdm-lt-card\" style=\"margin: 15px 0\">\n        <div class=\"list-group-item\">\n            <a href=\"https:\/\/belgianfapa.be\/fr\/wpdmpro\/infobrochure-hnpcc-fr-def-pdf\/?wpdmdl=1347&amp;refresh=69e8bb768a89f1776860022\" style=\"display: block;margin: 5px 0;text-align:center;\"><img class=\"wpdm-thumb wpdm-thumb-140x198 wpdm-thumb-1347\" src=\"https:\/\/belgianfapa.be\/wp-content\/uploads\/wpdm-cache\/infobrochure-HNPCC_FR_def-140x198.jpg\" alt=\"Brochure syndrome de Lynch\"><\/a>\n        <\/div>\n        <div class=\"list-group-item\">\n            <h6 style=\"padding: 0px;margin:0px;text-align:center;\"><a href=\"https:\/\/belgianfapa.be\/fr\/wpdmpro\/infobrochure-hnpcc-fr-def-pdf\/?wpdmdl=1347&amp;refresh=69e8bb768a89f1776860022\">Brochure syndrome de Lynch<\/a> <\/h6>       \n          <\/div>\n    <\/div><\/div><div class=\"col-lg-3 col-md-6 col-12\"><div class=\"list-group wpdm-lt-card\" style=\"margin: 15px 0\">\n        <div class=\"list-group-item\">\n            <a href=\"https:\/\/belgianfapa.be\/fr\/wpdmpro\/leaflet-e\/?wpdmdl=94105&amp;refresh=69e8bb769b9921776860022\" style=\"display: block;margin: 5px 0;text-align:center;\"><img class=\"wpdm-thumb wpdm-thumb-140x198 wpdm-thumb-94105\" src=\"https:\/\/belgianfapa.be\/wp-content\/uploads\/wpdm-cache\/Lynch-E-e1690368039495-140x198.png\" alt=\"Leaflet Lynch E\"><\/a>\n        <\/div>\n        <div class=\"list-group-item\">\n            <h6 style=\"padding: 0px;margin:0px;text-align:center;\"><a href=\"https:\/\/belgianfapa.be\/fr\/wpdmpro\/leaflet-e\/?wpdmdl=94105&amp;refresh=69e8bb769b9921776860022\">Leaflet Lynch E<\/a> <\/h6>       \n          <\/div>\n    <\/div><\/div><\/div>            <div style=\"clear:both\"><\/div><div class=\"text-center\"><ul class=\"pagination wpdm-pagination pagination-centered text-center\"><\/ul><\/div><div style=\"clear:both\"><\/div>        <\/div>\n\n        <div style=\"clear:both\"><\/div>\n    <\/div>\n<\/div>\n\n","protected":false},"excerpt":{"rendered":"<p>Cette rubrique veut r\u00e9pondre aux questions que se posent tr\u00e8s souvent les patients atteints de polypose ad\u00e9nomateuse familiale (polypose) et leur famille. <\/p>\n","protected":false},"author":39,"featured_media":5101,"parent":0,"menu_order":0,"comment_status":"closed","ping_status":"closed","template":"","meta":{"_acf_changed":false,"kk_blocks_editor_width":"","_kiokenblocks_attr":"","_kiokenblocks_dimensions":"","footnotes":""},"class_list":["post-2698","page","type-page","status-publish","has-post-thumbnail","hentry"],"acf":[],"_links":{"self":[{"href":"https:\/\/belgianfapa.be\/fr\/wp-json\/wp\/v2\/pages\/2698","targetHints":{"allow":["GET"]}}],"collection":[{"href":"https:\/\/belgianfapa.be\/fr\/wp-json\/wp\/v2\/pages"}],"about":[{"href":"https:\/\/belgianfapa.be\/fr\/wp-json\/wp\/v2\/types\/page"}],"author":[{"embeddable":true,"href":"https:\/\/belgianfapa.be\/fr\/wp-json\/wp\/v2\/users\/39"}],"replies":[{"embeddable":true,"href":"https:\/\/belgianfapa.be\/fr\/wp-json\/wp\/v2\/comments?post=2698"}],"version-history":[{"count":27,"href":"https:\/\/belgianfapa.be\/fr\/wp-json\/wp\/v2\/pages\/2698\/revisions"}],"predecessor-version":[{"id":94273,"href":"https:\/\/belgianfapa.be\/fr\/wp-json\/wp\/v2\/pages\/2698\/revisions\/94273"}],"wp:featuredmedia":[{"embeddable":true,"href":"https:\/\/belgianfapa.be\/fr\/wp-json\/wp\/v2\/media\/5101"}],"wp:attachment":[{"href":"https:\/\/belgianfapa.be\/fr\/wp-json\/wp\/v2\/media?parent=2698"}],"curies":[{"name":"wp","href":"https:\/\/api.w.org\/{rel}","templated":true}]}}