{"id":2718,"date":"2010-09-08T13:00:27","date_gmt":"2010-09-08T13:00:27","guid":{"rendered":"https:\/\/belgianfapa.anmdev.be\/laffection-2\/"},"modified":"2023-11-08T16:28:47","modified_gmt":"2023-11-08T15:28:47","slug":"lynch-syndrome","status":"publish","type":"page","link":"https:\/\/belgianfapa.be\/fr\/lynch-syndrome\/","title":{"rendered":"Le syndrome de Lynch"},"content":{"rendered":"<p>Dans cette rubrique, vous trouverez des informations sur le cancer colorectal h&eacute;r&eacute;ditaire sans polypose, appel&eacute; &eacute;galement <strong>HNPCC<\/strong> (Hereditary Non Polyposis Colorectal Cancer) ou <strong>syndrome de Lynch<\/strong>. Que vous soyez atteint du syndrome de Lynch ou que vous souhaitiez tout simplement en savoir plus sur cette affection, vous trouverez dans cette rubrique un maximum d&rsquo;informations: ce qu&rsquo;elle est pr&eacute;cis&eacute;ment, comment elle se manifeste et ce que vous pouvez faire si vous soup&ccedil;onnez que cette affection existe dans votre famille, les mesures &agrave; prendre si la maladie existe dans votre famille ou si une pr&eacute;disposition h&eacute;r&eacute;ditaire a &eacute;t&eacute; diagnostiqu&eacute;e chez vous pour cette maladie,&hellip; Les informations que vous trouverez dans cette rubrique compl&egrave;tent, mais ne remplacent en aucun cas les informations fournies par votre m&eacute;decin ou d&rsquo;autres membres du personnel soignant.<\/p>\n\n\n\n<div id=\"wpv-view-layout-94227\" class=\"js-wpv-view-layout js-wpv-layout-responsive js-wpv-view-layout-94227\" data-viewnumber=\"94227\" data-pagination='{\"id\":94227,\"query\":\"normal\",\"type\":\"disabled\",\"effect\":\"fade\",\"duration\":\"500\",\"speed\":\"5\",\"pause_on_hover\":\"disabled\",\"stop_rollover\":\"false\",\"cache_pages\":\"enabled\",\"preload_images\":\"enabled\",\"preload_pages\":\"enabled\",\"preload_reach\":\"1\",\"spinner\":\"builtin\",\"spinner_image\":\"\",\"callback_next\":\"\",\"manage_history\":\"enabled\",\"has_controls_in_form\":\"disabled\",\"infinite_tolerance\":0,\"max_pages\":0,\"page\":1,\"base_permalink\":\"\/fr\/wp-json\/wp\/v2\/pages\/2718?wpv_view_count=94227&amp;wpv_paged=WPV_PAGE_NUM\",\"loop\":{\"type\":\"\",\"name\":\"\",\"data\":[],\"id\":0}}' data-permalink=\"\/fr\/wp-json\/wp\/v2\/pages\/2718?wpv_view_count=94227\">\n\n    \n    \n<div class=\"archivecontainer\">\n\t\n\t\t\n\t\t<div class=\"one-fourth first\">\n\t\t\t\t<a class=\"card\" href=\"https:\/\/belgianfapa.be\/fr\/patients-atteints-du-syndrome-de-lynch-ls\/\">\n<div class=\"box\">\n  <div class=\"image-container\"><img loading=\"lazy\" decoding=\"async\" width=\"489\" height=\"482\" src=\"https:\/\/belgianfapa.be\/wp-content\/uploads\/2022\/04\/Lynch-E-e1690368039495.png\" class=\"attachment-home-middle size-home-middle wp-post-image\" alt=\"\" srcset=\"https:\/\/belgianfapa.be\/wp-content\/uploads\/2022\/04\/Lynch-E-e1690368039495.png 489w, https:\/\/belgianfapa.be\/wp-content\/uploads\/2022\/04\/Lynch-E-e1690368039495-240x237.png 240w\" sizes=\"auto, (max-width: 489px) 100vw, 489px\"><\/div>\n  \t<div class=\"panel\">\n<h3>Patients atteints du syndrome de Lynch &ndash; LS<\/h3>\n<p>Le syndrome de Lynch est une maladie h&eacute;r&eacute;ditaire. La majeur partie des patients du syndrome de Lynch sont porteurs d&rsquo;une mutation germinale dans l&rsquo;un des g&egrave;nes r&eacute;parateurs de l&rsquo;ADN* (hMSH2, &hellip;<\/p>\n\n  \t<\/div>\n<\/div>\n<\/a>\n\t\t\t<\/div>\n\t\t\n\t\t\n\t\t\t<div class=\"one-fourth\">\n\t\t\t\t<a class=\"card\" href=\"https:\/\/belgianfapa.be\/fr\/directives-syndrome-de-lynch-du-nouveau\/\">\n<div class=\"box\">\n  <div class=\"image-container\"><img loading=\"lazy\" decoding=\"async\" width=\"284\" height=\"178\" src=\"https:\/\/belgianfapa.be\/wp-content\/uploads\/2021\/01\/Lynch-brochure-plat.png\" class=\"attachment-home-middle size-home-middle wp-post-image\" alt=\"\"><\/div>\n  \t<div class=\"panel\">\n<h3>Directives syndrome de Lynch<\/h3>\n<p>Au cours des ann&eacute;es 2018 et 2019, des rencontres entre sp&eacute;cialistes et patients ont &eacute;t&eacute; organis&eacute;es par FAPA, afin d&rsquo;&eacute;laborer des directives pour le diagnostic et le suivi des patients &hellip;<\/p>\n\n  \t<\/div>\n<\/div>\n<\/a>\n\t\t\t<\/div>\n\t\t\n\t\t\n\t\t\t<div class=\"one-fourth\">\n\t\t\t\t<a class=\"card\" href=\"https:\/\/belgianfapa.be\/fr\/questions-frequentes\/\">\n<div class=\"box\">\n  <div class=\"image-container\"><img loading=\"lazy\" decoding=\"async\" width=\"179\" height=\"281\" src=\"https:\/\/belgianfapa.be\/wp-content\/uploads\/2019\/05\/vraagteken.jpg\" class=\"attachment-home-middle size-home-middle wp-post-image\" alt=\"\" srcset=\"https:\/\/belgianfapa.be\/wp-content\/uploads\/2019\/05\/vraagteken.jpg 179w, https:\/\/belgianfapa.be\/wp-content\/uploads\/2019\/05\/vraagteken-153x240.jpg 153w\" sizes=\"auto, (max-width: 179px) 100vw, 179px\"><\/div>\n  \t<div class=\"panel\">\n<h3>Questions fr&eacute;quentes<\/h3>\n<p>Voici les r&eacute;ponses &agrave; quelques questions. Si vous avez d&rsquo;autres questions, nous vous encourageons &agrave; les poser &agrave; vos professionnels de sant&eacute;. J&rsquo;ai le syndrome de Lynch. Mener une vie &hellip;<\/p>\n\n  \t<\/div>\n<\/div>\n<\/a>\n\t\t\t<\/div>\n\t\t\n\t\t\n\t\t\t<div class=\"one-fourth\">\n\t\t\t\t<a class=\"card\" href=\"https:\/\/belgianfapa.be\/fr\/syndrome-de-lynch-letat-de-la-recherche\/\">\n<div class=\"box\">\n  <div class=\"image-container\"><img loading=\"lazy\" decoding=\"async\" width=\"439\" height=\"321\" src=\"https:\/\/belgianfapa.be\/wp-content\/uploads\/2023\/07\/national-cancer-institute-uVnRa6mOLOM-unsplash-scaled-e1700060770328.jpg\" class=\"attachment-home-middle size-home-middle wp-post-image\" alt=\"\" srcset=\"https:\/\/belgianfapa.be\/wp-content\/uploads\/2023\/07\/national-cancer-institute-uVnRa6mOLOM-unsplash-scaled-e1700060770328.jpg 439w, https:\/\/belgianfapa.be\/wp-content\/uploads\/2023\/07\/national-cancer-institute-uVnRa6mOLOM-unsplash-scaled-e1700060770328-240x175.jpg 240w\" sizes=\"auto, (max-width: 439px) 100vw, 439px\"><\/div>\n  \t<div class=\"panel\">\n<h3>L&rsquo;&eacute;tat de la recherche<\/h3>\n<p>Vous souhaitez savoir o&ugrave; en est la recherche concernant le syndrome de Lynch ? Voici plus bas quelques &eacute;tudes et articles r&eacute;cents.&nbsp;Si vous &ecirc;tes vous aussi tomber sur un article &hellip;<\/p>\n\n  \t<\/div>\n<\/div>\n<\/a>\n\t\t\t<\/div>\n\n\n<\/div>\n    \n    \n\n<\/div>\n<hr>\n<h3>T&eacute;l&eacute;charger nos brochures<\/h3>\n<div class=\"w3eden\">\n    <div class=\"\">\n\n        \n        <div id=\"content_wpdm_package_1\">\n            <div class=\"row\"><div class=\"col-lg-3 col-md-6 col-12\"><div class=\"list-group wpdm-lt-card\" style=\"margin: 15px 0\">\n        <div class=\"list-group-item\">\n            <a href=\"https:\/\/belgianfapa.be\/fr\/wpdmpro\/presentation-fapa\/?wpdmdl=3235&amp;refresh=69ed071898b301777141528\" style=\"display: block;margin: 5px 0;text-align:center;\"><img class=\"wpdm-thumb wpdm-thumb-140x198 wpdm-thumb-3235\" src=\"https:\/\/belgianfapa.be\/wp-content\/uploads\/wpdm-cache\/Folder-FAPA-Fr-140x198.png\" alt=\"Pr&eacute;sentation FAPA\"><\/a>\n        <\/div>\n        <div class=\"list-group-item\">\n            <h6 style=\"padding: 0px;margin:0px;text-align:center;\"><a href=\"https:\/\/belgianfapa.be\/fr\/wpdmpro\/presentation-fapa\/?wpdmdl=3235&amp;refresh=69ed071898b301777141528\">Pr&eacute;sentation FAPA<\/a> <\/h6>       \n          <\/div>\n    <\/div><\/div><div class=\"col-lg-3 col-md-6 col-12\"><div class=\"list-group wpdm-lt-card\" style=\"margin: 15px 0\">\n        <div class=\"list-group-item\">\n            <a href=\"https:\/\/belgianfapa.be\/fr\/wpdmpro\/brochure-fap\/?wpdmdl=3237&amp;refresh=69ed0718cc4b81777141528\" style=\"display: block;margin: 5px 0;text-align:center;\"><img class=\"wpdm-thumb wpdm-thumb-140x198 wpdm-thumb-3237\" src=\"https:\/\/belgianfapa.be\/wp-content\/uploads\/wpdm-cache\/brochure-FAP2-140x198.png\" alt=\"Brochure FAP\"><\/a>\n        <\/div>\n        <div class=\"list-group-item\">\n            <h6 style=\"padding: 0px;margin:0px;text-align:center;\"><a href=\"https:\/\/belgianfapa.be\/fr\/wpdmpro\/brochure-fap\/?wpdmdl=3237&amp;refresh=69ed0718cc4b81777141528\">Brochure FAP<\/a> <\/h6>       \n          <\/div>\n    <\/div><\/div><div class=\"col-lg-3 col-md-6 col-12\"><div class=\"list-group wpdm-lt-card\" style=\"margin: 15px 0\">\n        <div class=\"list-group-item\">\n            <a href=\"https:\/\/belgianfapa.be\/fr\/wpdmpro\/infobrochure-hnpcc-fr-def-pdf\/?wpdmdl=1347&amp;refresh=69ed0718d97a81777141528\" style=\"display: block;margin: 5px 0;text-align:center;\"><img class=\"wpdm-thumb wpdm-thumb-140x198 wpdm-thumb-1347\" src=\"https:\/\/belgianfapa.be\/wp-content\/uploads\/wpdm-cache\/infobrochure-HNPCC_FR_def-140x198.jpg\" alt=\"Brochure syndrome de Lynch\"><\/a>\n        <\/div>\n        <div class=\"list-group-item\">\n            <h6 style=\"padding: 0px;margin:0px;text-align:center;\"><a href=\"https:\/\/belgianfapa.be\/fr\/wpdmpro\/infobrochure-hnpcc-fr-def-pdf\/?wpdmdl=1347&amp;refresh=69ed0718d97a81777141528\">Brochure syndrome de Lynch<\/a> <\/h6>       \n          <\/div>\n    <\/div><\/div><div class=\"col-lg-3 col-md-6 col-12\"><div class=\"list-group wpdm-lt-card\" style=\"margin: 15px 0\">\n        <div class=\"list-group-item\">\n            <a href=\"https:\/\/belgianfapa.be\/fr\/wpdmpro\/leaflet-e\/?wpdmdl=94105&amp;refresh=69ed0718e61e61777141528\" style=\"display: block;margin: 5px 0;text-align:center;\"><img class=\"wpdm-thumb wpdm-thumb-140x198 wpdm-thumb-94105\" src=\"https:\/\/belgianfapa.be\/wp-content\/uploads\/wpdm-cache\/Lynch-E-e1690368039495-140x198.png\" alt=\"Leaflet Lynch E\"><\/a>\n        <\/div>\n        <div class=\"list-group-item\">\n            <h6 style=\"padding: 0px;margin:0px;text-align:center;\"><a href=\"https:\/\/belgianfapa.be\/fr\/wpdmpro\/leaflet-e\/?wpdmdl=94105&amp;refresh=69ed0718e61e61777141528\">Leaflet Lynch E<\/a> <\/h6>       \n          <\/div>\n    <\/div><\/div><\/div>            <div style=\"clear:both\"><\/div><div class=\"text-center\"><ul class=\"pagination wpdm-pagination pagination-centered text-center\"><\/ul><\/div><div style=\"clear:both\"><\/div>        <\/div>\n\n        <div style=\"clear:both\"><\/div>\n    <\/div>\n<\/div>\n\n","protected":false},"excerpt":{"rendered":"<p>Dans cette rubrique, vous trouverez des informations sur le cancer colorectal h\u00e9r\u00e9ditaire sans polypose, appel\u00e9 \u00e9galement HNPCC (Hereditary Non Polyposis Colorectal Cancer) ou syndrome de Lynch.<\/p>\n","protected":false},"author":39,"featured_media":5100,"parent":0,"menu_order":0,"comment_status":"closed","ping_status":"closed","template":"","meta":{"_acf_changed":false,"kk_blocks_editor_width":"","_kiokenblocks_attr":"","_kiokenblocks_dimensions":"","footnotes":""},"class_list":["post-2718","page","type-page","status-publish","has-post-thumbnail","hentry"],"acf":[],"_links":{"self":[{"href":"https:\/\/belgianfapa.be\/fr\/wp-json\/wp\/v2\/pages\/2718","targetHints":{"allow":["GET"]}}],"collection":[{"href":"https:\/\/belgianfapa.be\/fr\/wp-json\/wp\/v2\/pages"}],"about":[{"href":"https:\/\/belgianfapa.be\/fr\/wp-json\/wp\/v2\/types\/page"}],"author":[{"embeddable":true,"href":"https:\/\/belgianfapa.be\/fr\/wp-json\/wp\/v2\/users\/39"}],"replies":[{"embeddable":true,"href":"https:\/\/belgianfapa.be\/fr\/wp-json\/wp\/v2\/comments?post=2718"}],"version-history":[{"count":31,"href":"https:\/\/belgianfapa.be\/fr\/wp-json\/wp\/v2\/pages\/2718\/revisions"}],"predecessor-version":[{"id":94274,"href":"https:\/\/belgianfapa.be\/fr\/wp-json\/wp\/v2\/pages\/2718\/revisions\/94274"}],"wp:featuredmedia":[{"embeddable":true,"href":"https:\/\/belgianfapa.be\/fr\/wp-json\/wp\/v2\/media\/5100"}],"wp:attachment":[{"href":"https:\/\/belgianfapa.be\/fr\/wp-json\/wp\/v2\/media?parent=2718"}],"curies":[{"name":"wp","href":"https:\/\/api.w.org\/{rel}","templated":true}]}}