{"id":2730,"date":"2012-09-27T11:33:08","date_gmt":"2012-09-27T11:33:08","guid":{"rendered":"https:\/\/belgianfapa.anmdev.be\/enregistrement\/"},"modified":"2018-07-25T16:07:19","modified_gmt":"2018-07-25T16:07:19","slug":"enregistrement-lynch","status":"publish","type":"page","link":"https:\/\/belgianfapa.be\/fr\/enregistrement-lynch\/","title":{"rendered":"Enregistrement Lynch"},"content":{"rendered":"<p style=\"text-align: justify;\">Le registre national de la polypose ad&eacute;nomateuse familiale est g&eacute;r&eacute;, depuis de nombreuses ann&eacute;es d&eacute;j&agrave;, par FAPA. En analogie avec ce registre, FAPA a cr&eacute;&eacute; r&eacute;cemment &ndash;&nbsp;en collaboration avec d&rsquo;autres registres nationaux europ&eacute;ens &ndash;&nbsp;un&nbsp;registre&nbsp;national du&nbsp;syndrome de Lynch. Ce registre&nbsp;permet d&rsquo;aider les m&eacute;decins &agrave; informer les patients atteints du syndrome de Lynch et leur famille sur les risques, les possibilit&eacute;s de d&eacute;pistage et le traitement &agrave; leur disposition. Il aide &eacute;galement les cliniciens, les &eacute;pid&eacute;miologistes et les scientifiques &agrave; travailler pour mieux comprendre, pour mieux pr&eacute;venir et pour mieux traiter les patients atteints du syndrome de Lynch et leur famille.<\/p>\n<p style=\"text-align: justify;\">FAPA est enregistr&eacute;e aupr&egrave;s de la Commission de la Protection de la Vie Priv&eacute;e sous la r&eacute;f&eacute;rence 001299503. FAPA respecte l&rsquo;anonymat des donn&eacute;es concernant les patients atteints du syndrome de Lynch.<\/p>\n<p style=\"text-align: justify;\">Le nouveau projet autour du syndrome de Lynch a &eacute;t&eacute; approuv&eacute;, en 2011, par les diff&eacute;rents comit&eacute;s d&rsquo;&eacute;thique auxquels il a &eacute;t&eacute; soumis&nbsp;(CHC, CHU&nbsp;de&nbsp;Li&egrave;ge, Cliniques Universitaires Saint Luc,&nbsp;IPG, ULB Erasme, UZA, UZ Brussel, UZ Gent et UZ Leuven).<\/p>\n<p style=\"text-align: justify;\">Aucun patient ne peut &ecirc;tre incorpor&eacute; dans le registre national du syndrome de Lynch sans avoir sign&eacute; un&nbsp;consentement &eacute;crit. Au sein des registres, les donn&eacute;es des patients, identifi&eacute;s par un num&eacute;ro de code, sont anonymes.<\/p>\n<p style=\"text-align: justify;\">Tous les patients, leur famille et leurs m&eacute;decins, peuvent toujours prendre contact directement avec FAPA.<\/p>\n<p style=\"text-align: justify;\">Vous pouvez t&eacute;l&eacute;charger la brochure d&rsquo;info&nbsp;<a href=\"https:\/\/belgianfapa.anmdev.be\/wp-content\/uploads\/2010\/09\/infobrochure-HNPCC_FR_def.pdf\">ici<\/a>&nbsp;ou l&rsquo;obtenir gratuitement par le biais du&nbsp;<a href=\"http:\/\/www.belgianfapa.be\/fr\/fapa\/contactez-nous\">formulaire de contact<\/a>.<\/p>\n","protected":false},"excerpt":{"rendered":"<p><!--[if gte mso 9]><xml> <o:OfficeDocumentSettings> <o:AllowPNG \/> <\/o:OfficeDocumentSettings> <\/xml><![endif]--><\/p>\n<p style=\"text-align: justify;\">Le registre national de la polypose ad\u00e9nomateuse familiale est g\u00e9r\u00e9, depuis de nombreuses ann\u00e9es d\u00e9j\u00e0, par FAPA. En analogie avec ce registre, FAPA a cr\u00e9\u00e9 r\u00e9cemment &#8211;&nbsp;en collaboration avec d\u2019autres registres nationaux europ\u00e9ens &#8211;&nbsp;un&nbsp;registre&nbsp;national du&nbsp;syndrome de Lynch. Ce registre&nbsp;permet d\u2019aider les m\u00e9decins \u00e0 informer les patients atteints du syndrome de Lynch et leur famille sur les risques, les possibilit\u00e9s de d\u00e9pistage et le traitement \u00e0 leur disposition. Il aide \u00e9galement les cliniciens, les \u00e9pid\u00e9miologistes et les scientifiques \u00e0 travailler pour mieux comprendre, pour mieux pr\u00e9venir et pour mieux traiter les patients atteints du syndrome de Lynch et leur famille.&nbsp;&nbsp;<\/p>\n<p style=\"text-align: justify;\">FAPA est enregistr\u00e9e aupr\u00e8s de la Commission de la Protection de la Vie Priv\u00e9e sous la r\u00e9f\u00e9rence 001299503. FAPA respecte l&rsquo;anonymat des donn\u00e9es concernant les patients atteints du syndrome de Lynch.&nbsp;<\/p>\n<p style=\"text-align: justify;\">Le nouveau projet autour du syndrome de Lynch a \u00e9t\u00e9 approuv\u00e9, en 2011, par les diff\u00e9rents comit\u00e9s d\u2019\u00e9thique auxquels il a \u00e9t\u00e9 soumis&nbsp;(CHC, CHU&nbsp;de&nbsp;Li\u00e8ge, Cliniques Universitaires Saint Luc,&nbsp;IPG, ULB Erasme, UZA, UZ Brussel, UZ Gent et UZ Leuven).<\/p>\n<p style=\"text-align: justify;\">Aucun patient ne peut \u00eatre incorpor\u00e9 dans le registre national du syndrome de Lynch sans avoir sign\u00e9 un&nbsp;consentement \u00e9crit. Au sein des registres, les donn\u00e9es des patients, identifi\u00e9s par un num\u00e9ro de code, sont anonymes.<\/p>\n<p style=\"text-align: justify;\">Tous les patients, leur famille et leurs m\u00e9decins, peuvent toujours prendre contact directement avec FAPA.<\/p>\n<p style=\"text-align: justify;\">Vous pouvez t\u00e9l\u00e9charger la brochure d&rsquo;info&nbsp;<a href=\"https:\/\/belgianfapa.anmdev.be\/wp-content\/uploads\/2010\/09\/infobrochure-HNPCC_FR_def.pdf\">ici<\/a>&nbsp;ou l&rsquo;obtenir gratuitement par le biais du&nbsp;<a href=\"http:\/\/www.belgianfapa.be\/fr\/fapa\/contactez-nous\">formulaire de contact<\/a>.<\/p>\n","protected":false},"author":39,"featured_media":0,"parent":0,"menu_order":0,"comment_status":"closed","ping_status":"closed","template":"","meta":{"_acf_changed":false,"kk_blocks_editor_width":"","_kiokenblocks_attr":"","_kiokenblocks_dimensions":"","footnotes":""},"class_list":["post-2730","page","type-page","status-publish","hentry"],"acf":[],"_links":{"self":[{"href":"https:\/\/belgianfapa.be\/fr\/wp-json\/wp\/v2\/pages\/2730","targetHints":{"allow":["GET"]}}],"collection":[{"href":"https:\/\/belgianfapa.be\/fr\/wp-json\/wp\/v2\/pages"}],"about":[{"href":"https:\/\/belgianfapa.be\/fr\/wp-json\/wp\/v2\/types\/page"}],"author":[{"embeddable":true,"href":"https:\/\/belgianfapa.be\/fr\/wp-json\/wp\/v2\/users\/39"}],"replies":[{"embeddable":true,"href":"https:\/\/belgianfapa.be\/fr\/wp-json\/wp\/v2\/comments?post=2730"}],"version-history":[{"count":1,"href":"https:\/\/belgianfapa.be\/fr\/wp-json\/wp\/v2\/pages\/2730\/revisions"}],"predecessor-version":[{"id":5532,"href":"https:\/\/belgianfapa.be\/fr\/wp-json\/wp\/v2\/pages\/2730\/revisions\/5532"}],"wp:attachment":[{"href":"https:\/\/belgianfapa.be\/fr\/wp-json\/wp\/v2\/media?parent=2730"}],"curies":[{"name":"wp","href":"https:\/\/api.w.org\/{rel}","templated":true}]}}