{"id":693,"date":"2018-01-19T10:47:27","date_gmt":"2018-01-19T10:47:27","guid":{"rendered":"https:\/\/belgianfapa.anmdev.be\/?page_id=693"},"modified":"2023-11-15T18:11:20","modified_gmt":"2023-11-15T17:11:20","slug":"cancer-colorectal","status":"publish","type":"page","link":"https:\/\/belgianfapa.be\/fr\/cancer-colorectal\/","title":{"rendered":"Cancer colorectal"},"content":{"rendered":"<div class=\"one-third first\">\n<h3>Infos essentiels<\/h3>\n<\/div>\n<div class=\"one-third\">\n<h3>H&eacute;r&eacute;dit&eacute;<\/h3>\n<\/div>\n<div class=\"one-third\">\n<h3>Recherche<\/h3>\n<\/div>\n<div class=\"one-third first\">\n<h3>Traitement<\/h3>\n<\/div>\n<div class=\"one-third\">\n<h3>Prevention<\/h3>\n<\/div>\n<hr>\n<h3>T&eacute;l&eacute;chargez les brochures<\/h3>\n<div class=\"w3eden\">\n    <div class=\"\">\n\n        \n        <div id=\"content_wpdm_package_1\">\n            <div class=\"row\"><div class=\"col-lg-3 col-md-6 col-12\"><div class=\"list-group wpdm-lt-card\" style=\"margin: 15px 0\">\n        <div class=\"list-group-item\">\n            <a href=\"https:\/\/belgianfapa.be\/fr\/wpdmpro\/presentation-fapa\/?wpdmdl=3235&amp;refresh=69e25176d49161776439670\" style=\"display: block;margin: 5px 0;text-align:center;\"><img class=\"wpdm-thumb wpdm-thumb-140x198 wpdm-thumb-3235\" src=\"https:\/\/belgianfapa.be\/wp-content\/uploads\/wpdm-cache\/Folder-FAPA-Fr-140x198.png\" alt=\"Pr&eacute;sentation FAPA\"><\/a>\n        <\/div>\n        <div class=\"list-group-item\">\n            <h6 style=\"padding: 0px;margin:0px;text-align:center;\"><a href=\"https:\/\/belgianfapa.be\/fr\/wpdmpro\/presentation-fapa\/?wpdmdl=3235&amp;refresh=69e25176d49161776439670\">Pr&eacute;sentation FAPA<\/a> <\/h6>       \n          <\/div>\n    <\/div><\/div><div class=\"col-lg-3 col-md-6 col-12\"><div class=\"list-group wpdm-lt-card\" style=\"margin: 15px 0\">\n        <div class=\"list-group-item\">\n            <a href=\"https:\/\/belgianfapa.be\/fr\/wpdmpro\/brochure-fap\/?wpdmdl=3237&amp;refresh=69e251772cc7f1776439671\" style=\"display: block;margin: 5px 0;text-align:center;\"><img class=\"wpdm-thumb wpdm-thumb-140x198 wpdm-thumb-3237\" src=\"https:\/\/belgianfapa.be\/wp-content\/uploads\/wpdm-cache\/brochure-FAP2-140x198.png\" alt=\"Brochure FAP\"><\/a>\n        <\/div>\n        <div class=\"list-group-item\">\n            <h6 style=\"padding: 0px;margin:0px;text-align:center;\"><a href=\"https:\/\/belgianfapa.be\/fr\/wpdmpro\/brochure-fap\/?wpdmdl=3237&amp;refresh=69e251772cc7f1776439671\">Brochure FAP<\/a> <\/h6>       \n          <\/div>\n    <\/div><\/div><div class=\"col-lg-3 col-md-6 col-12\"><div class=\"list-group wpdm-lt-card\" style=\"margin: 15px 0\">\n        <div class=\"list-group-item\">\n            <a href=\"https:\/\/belgianfapa.be\/fr\/wpdmpro\/infobrochure-hnpcc-fr-def-pdf\/?wpdmdl=1347&amp;refresh=69e2517758cb51776439671\" style=\"display: block;margin: 5px 0;text-align:center;\"><img class=\"wpdm-thumb wpdm-thumb-140x198 wpdm-thumb-1347\" src=\"https:\/\/belgianfapa.be\/wp-content\/uploads\/wpdm-cache\/infobrochure-HNPCC_FR_def-140x198.jpg\" alt=\"Brochure syndrome de Lynch\"><\/a>\n        <\/div>\n        <div class=\"list-group-item\">\n            <h6 style=\"padding: 0px;margin:0px;text-align:center;\"><a href=\"https:\/\/belgianfapa.be\/fr\/wpdmpro\/infobrochure-hnpcc-fr-def-pdf\/?wpdmdl=1347&amp;refresh=69e2517758cb51776439671\">Brochure syndrome de Lynch<\/a> <\/h6>       \n          <\/div>\n    <\/div><\/div><div class=\"col-lg-3 col-md-6 col-12\"><div class=\"list-group wpdm-lt-card\" style=\"margin: 15px 0\">\n        <div class=\"list-group-item\">\n            <a href=\"https:\/\/belgianfapa.be\/fr\/wpdmpro\/leaflet-e\/?wpdmdl=94105&amp;refresh=69e25177642e91776439671\" style=\"display: block;margin: 5px 0;text-align:center;\"><img class=\"wpdm-thumb wpdm-thumb-140x198 wpdm-thumb-94105\" src=\"https:\/\/belgianfapa.be\/wp-content\/uploads\/wpdm-cache\/Lynch-E-e1690368039495-140x198.png\" alt=\"Leaflet Lynch E\"><\/a>\n        <\/div>\n        <div class=\"list-group-item\">\n            <h6 style=\"padding: 0px;margin:0px;text-align:center;\"><a href=\"https:\/\/belgianfapa.be\/fr\/wpdmpro\/leaflet-e\/?wpdmdl=94105&amp;refresh=69e25177642e91776439671\">Leaflet Lynch E<\/a> <\/h6>       \n          <\/div>\n    <\/div><\/div><\/div>            <div style=\"clear:both\"><\/div><div class=\"text-center\"><ul class=\"pagination wpdm-pagination pagination-centered text-center\"><\/ul><\/div><div style=\"clear:both\"><\/div>        <\/div>\n\n        <div style=\"clear:both\"><\/div>\n    <\/div>\n<\/div>\n\n<h3><\/h3>\n","protected":false},"excerpt":{"rendered":"<p>Infos essentiels H\u00e9r\u00e9dit\u00e9 Recherche Traitement Prevention T\u00e9l\u00e9chargez les brochures<\/p>\n","protected":false},"author":1,"featured_media":4788,"parent":0,"menu_order":0,"comment_status":"closed","ping_status":"closed","template":"","meta":{"_acf_changed":false,"kk_blocks_editor_width":"","_kiokenblocks_attr":"","_kiokenblocks_dimensions":"","footnotes":""},"class_list":["post-693","page","type-page","status-publish","has-post-thumbnail","hentry"],"acf":[],"_links":{"self":[{"href":"https:\/\/belgianfapa.be\/fr\/wp-json\/wp\/v2\/pages\/693","targetHints":{"allow":["GET"]}}],"collection":[{"href":"https:\/\/belgianfapa.be\/fr\/wp-json\/wp\/v2\/pages"}],"about":[{"href":"https:\/\/belgianfapa.be\/fr\/wp-json\/wp\/v2\/types\/page"}],"author":[{"embeddable":true,"href":"https:\/\/belgianfapa.be\/fr\/wp-json\/wp\/v2\/users\/1"}],"replies":[{"embeddable":true,"href":"https:\/\/belgianfapa.be\/fr\/wp-json\/wp\/v2\/comments?post=693"}],"version-history":[{"count":32,"href":"https:\/\/belgianfapa.be\/fr\/wp-json\/wp\/v2\/pages\/693\/revisions"}],"predecessor-version":[{"id":94334,"href":"https:\/\/belgianfapa.be\/fr\/wp-json\/wp\/v2\/pages\/693\/revisions\/94334"}],"wp:featuredmedia":[{"embeddable":true,"href":"https:\/\/belgianfapa.be\/fr\/wp-json\/wp\/v2\/media\/4788"}],"wp:attachment":[{"href":"https:\/\/belgianfapa.be\/fr\/wp-json\/wp\/v2\/media?parent=693"}],"curies":[{"name":"wp","href":"https:\/\/api.w.org\/{rel}","templated":true}]}}