{"id":89947,"date":"2020-01-13T15:53:38","date_gmt":"2020-01-13T14:53:38","guid":{"rendered":"https:\/\/belgianfapa.be\/?page_id=89947"},"modified":"2020-04-04T15:42:40","modified_gmt":"2020-04-04T13:42:40","slug":"tell-me-what-you-eat","status":"publish","type":"page","link":"https:\/\/belgianfapa.be\/fr\/tell-me-what-you-eat\/","title":{"rendered":"Tell me what you eat"},"content":{"rendered":"<p><img loading=\"lazy\" decoding=\"async\" class=\"alignleft wp-image-89894\" src=\"https:\/\/belgianfapa.be\/wp-content\/uploads\/2019\/12\/gezonde-voeding-750x300-1.png\" alt=\"\" width=\"400\" height=\"160\" srcset=\"https:\/\/belgianfapa.be\/wp-content\/uploads\/2019\/12\/gezonde-voeding-750x300-1.png 750w, https:\/\/belgianfapa.be\/wp-content\/uploads\/2019\/12\/gezonde-voeding-750x300-1-240x96.png 240w\" sizes=\"auto, (max-width: 400px) 100vw, 400px\">Pour les patients ayant une subi une chirurgie de l&rsquo;intestin, le th&egrave;me de la nutrition est extr&ecirc;mement important. La r&eacute;section de tout ou partie du gros intestin &agrave; en effet des implications majeures sur la digestion. La liste d&rsquo;aliments &agrave; &eacute;viter qui s&rsquo;allonge, les h&eacute;sitations &agrave; manger avant un long trajet ou &agrave; choisir une bonne salade pour le lunch, sont un petit &eacute;chantillon des difficult&eacute;s qui compliquent les choses pour les patients.<\/p>\n<p>La th&eacute;matique nous a paru assez importante pour en &eacute;crire un projet et l&rsquo;introduire aupr&egrave;s de la Fondation Roi Baudouin sous le Fonds Dr. Daniel de Coninck. L&rsquo;objectif&nbsp;: Cr&eacute;er des synergies entre les croyances et exp&eacute;riences des patients et l&rsquo;expertise des professionnels di&eacute;t&eacute;ticiens, dans l&rsquo;id&eacute;e que tout le monde peut en apprendre d&rsquo;avantage&nbsp;!<\/p>\n<h2>Projet &laquo; nutrition et digestion &raquo;<\/h2>\n<p><img loading=\"lazy\" decoding=\"async\" class=\"alignright wp-image-90157\" src=\"https:\/\/belgianfapa.be\/wp-content\/uploads\/2020\/04\/Groupe-240x180.jpg\" alt=\"\" width=\"400\" height=\"300\">C&rsquo;est lors de la derni&egrave;re journ&eacute;e d&rsquo;info &agrave; Namur que ce projet &laquo; nutrition et digestion &raquo;, soutenu par la Fondation Roi Baudouin, a &eacute;t&eacute; lanc&eacute;. Nous avons pu y mener des groupes de discussion avec les patients sur le sujet, gr&acirc;ce &agrave; la pr&eacute;sence de trois professionnels di&eacute;t&eacute;ticiens&nbsp;: V&eacute;ronique Maindiaux, Nathalie Manneback de l&rsquo;Institut Paul Lambin, et aussi Delphine Brees du CHU Brugmann, mais &eacute;galement Louise Denies, &eacute;tudiante en Bachelier de Di&eacute;t&eacute;tique &agrave; l&rsquo;Institut Paul Lambin. Lors de ces groupes, ceux d&rsquo;entre vous qui &eacute;taient pr&eacute;sents ont eu l&rsquo;opportunit&eacute; entre autre de partager vos exp&eacute;riences apr&egrave;s la chirurgie. Qu&rsquo;est ce qui fonctionne ? Qu&rsquo;est qui fonctionne moins bien ? A quoi faire attention ?&nbsp; Pour certains, l&rsquo;exp&eacute;rience de la nutrition dans les mois et les ann&eacute;es apr&egrave;s la chirurgie &eacute;tait pleine de peurs et d&rsquo;appr&eacute;hension, particuli&egrave;rement pour certains l&eacute;gumes, certaines &eacute;pices, ou certains alcools.&nbsp; Tandis que pour d&rsquo;autres, les choses &eacute;taient abord&eacute;es avec une certaine philosophie.<\/p>\n<h2>Donner votre avis<\/h2>\n<p>Parce que tout le monde n&rsquo;&eacute;tait pas pr&eacute;sent lors de cette journ&eacute;e, nous avons pr&eacute;par&eacute; une s&eacute;rie de questions couvrant toutes les facettes de ces diff&eacute;rentes exp&eacute;riences. Les r&eacute;sultats de cette enqu&ecirc;te nous donneront quelques directions sur la prochaine phase du projet. Gr&acirc;ce &agrave; l&rsquo;analyse de ces r&eacute;sultats nous pourrons comprendre pourquoi certains effets se manifestent chez certains patients et avec certains aliments. Nous pourrons ensuite &ecirc;tre en mesure de r&eacute;aliser des instruments pratiques comme des journaux de bords, des recettes, ou d&rsquo;autres choses qui pourraient utiles aux patients apr&egrave;s une chirurgie.<\/p>\n<p>Donner votre avis et partager votre exp&eacute;rience via ce questionnaire.<\/p>\n<div class=\"button\"><a href=\"https:\/\/belgianfapa.be\/fr\/questionnaire-nutrition\/\">Donner votre avis via ce questionnaire<\/a><\/div>\n<p>Plus il y aura de patients participant, plus int&eacute;ressants en seront les analyses et les conclusions&nbsp;!<\/p>\n<p><img loading=\"lazy\" decoding=\"async\" class=\"aligncenter size-medium wp-image-89950\" src=\"https:\/\/belgianfapa.be\/wp-content\/uploads\/2020\/01\/kbs-frb-240x144.jpg\" alt=\"\" width=\"240\" height=\"144\" srcset=\"https:\/\/belgianfapa.be\/wp-content\/uploads\/2020\/01\/kbs-frb-240x144.jpg 240w, https:\/\/belgianfapa.be\/wp-content\/uploads\/2020\/01\/kbs-frb.jpg 439w\" sizes=\"auto, (max-width: 240px) 100vw, 240px\"><\/p>\n<p>&nbsp;<\/p>\n<p>&nbsp;<\/p>\n","protected":false},"excerpt":{"rendered":"<p>Pour les patients ayant une subi une chirurgie de l\u2019intestin, le th\u00e8me de la nutrition est extr\u00eamement important. La r\u00e9section de tout ou partie du gros intestin \u00e0 en effet des implications majeures sur la digestion. La liste d\u2019aliments \u00e0&#8230;<\/p>\n","protected":false},"author":1,"featured_media":89894,"parent":0,"menu_order":0,"comment_status":"closed","ping_status":"closed","template":"","meta":{"_acf_changed":false,"kk_blocks_editor_width":"","_kiokenblocks_attr":"","_kiokenblocks_dimensions":"","footnotes":""},"class_list":["post-89947","page","type-page","status-publish","has-post-thumbnail","hentry"],"acf":[],"_links":{"self":[{"href":"https:\/\/belgianfapa.be\/fr\/wp-json\/wp\/v2\/pages\/89947","targetHints":{"allow":["GET"]}}],"collection":[{"href":"https:\/\/belgianfapa.be\/fr\/wp-json\/wp\/v2\/pages"}],"about":[{"href":"https:\/\/belgianfapa.be\/fr\/wp-json\/wp\/v2\/types\/page"}],"author":[{"embeddable":true,"href":"https:\/\/belgianfapa.be\/fr\/wp-json\/wp\/v2\/users\/1"}],"replies":[{"embeddable":true,"href":"https:\/\/belgianfapa.be\/fr\/wp-json\/wp\/v2\/comments?post=89947"}],"version-history":[{"count":7,"href":"https:\/\/belgianfapa.be\/fr\/wp-json\/wp\/v2\/pages\/89947\/revisions"}],"predecessor-version":[{"id":90160,"href":"https:\/\/belgianfapa.be\/fr\/wp-json\/wp\/v2\/pages\/89947\/revisions\/90160"}],"wp:featuredmedia":[{"embeddable":true,"href":"https:\/\/belgianfapa.be\/fr\/wp-json\/wp\/v2\/media\/89894"}],"wp:attachment":[{"href":"https:\/\/belgianfapa.be\/fr\/wp-json\/wp\/v2\/media?parent=89947"}],"curies":[{"name":"wp","href":"https:\/\/api.w.org\/{rel}","templated":true}]}}