{"id":91846,"date":"2021-03-04T14:43:38","date_gmt":"2021-03-04T13:43:38","guid":{"rendered":"https:\/\/belgianfapa.be\/jeunes\/aya-project\/"},"modified":"2021-12-08T14:44:39","modified_gmt":"2021-12-08T13:44:39","slug":"projet-aya","status":"publish","type":"page","link":"https:\/\/belgianfapa.be\/fr\/jeunes\/projet-aya\/","title":{"rendered":"Projet AYA"},"content":{"rendered":"\n<p>Les jeunes atteints de Polypose familiale (FAP) re&ccedil;oivent souvent un diagnostic assez t&ocirc;t. A cet &acirc;ge, ils sont donc d&eacute;j&agrave; confront&eacute;s &agrave; la possibilit&eacute; de d&eacute;velopper un cancer dans le courant de leur vie. <\/p>\n\n\n\n<div class=\"wp-block-image\"><figure class=\"alignleft size-large is-resized\"><img loading=\"lazy\" decoding=\"async\" src=\"https:\/\/belgianfapa.be\/wp-content\/uploads\/2020\/10\/vlog-3.png\" alt=\"\" class=\"wp-image-91418\" width=\"384\" height=\"384\" srcset=\"https:\/\/belgianfapa.be\/wp-content\/uploads\/2020\/10\/vlog-3.png 512w, https:\/\/belgianfapa.be\/wp-content\/uploads\/2020\/10\/vlog-3-150x150.png 150w\" sizes=\"auto, (max-width: 384px) 100vw, 384px\"><\/figure><\/div>\n\n\n\n<p>Le traitement pr&eacute;ventif qui s&rsquo;en suit consiste entre autre &agrave; la r&eacute;section de tout ou partie du colon. Il s&rsquo;agit d&rsquo;une intervention cons&eacute;quente ayant un impact important sur la qualit&eacute; de vie. Beaucoup doivent temporairement porter une stomie et en g&eacute;rer les restrictions, et ceci dans une p&eacute;riode de d&eacute;veloppement physique et psychologique. A cause de la honte engendr&eacute;e par leurs probl&egrave;mes m&eacute;dicaux, ces jeunes peuvent se renfermer sur eux-m&ecirc;mes et s&rsquo;isoler socialement des personnes de leur &acirc;ge.<\/p>\n\n\n\n<p>Depuis 2018, et gr&acirc;ce au soutien de la Fondation ENGIE, nous menons le projet AYA. L&rsquo;objectif est donc de soutenir ces jeunes en faisant un travail d&rsquo;information et de sensibilisation de leur entourage, mais &eacute;galement en leur donnant des opportunit&eacute;s de se retrouver et d&rsquo;exprimer.<\/p>\n\n\n\n<p>L&rsquo;ann&eacute;e 2020 aura &eacute;t&eacute; difficile pour nous tous, mais aussi pour ces jeunes. Les activit&eacute;s que nous avions planifi&eacute;es avec eux n&rsquo;ont pas pu avoir lieu. Cependant, Il &eacute;tait important que leurs voix restent audibles. Ils ont donc d&eacute;cid&eacute; de se faire entendre en faisant du &laquo;&nbsp;vlogging&nbsp;&raquo;.<\/p>\n\n\n\n<p>Faites connaissance avec nos jeunes&nbsp;:<\/p>\n\n\n\n<div class=\"wp-block-kioken-spacer\" style=\"color:#999999;height:50px\"><hr><\/div>\n\n\n\n<div class=\"wp-block-kioken-rowlayout alignnone bust-out-none\"><div id=\"kt-layout-id_76f80a-d4\" class=\"kio-row-layout-inner  kt-layout-id_76f80a-d4\"><div class=\"kt-row-column-wrap kt-has-2-columns kt-gutter-default kt-row-valign-top kio-row-layout-equal kt-tab-layout-inherit kt-m-colapse-left-to-right kt-mobile-layout-row kt-custom-first-width-50\">\n<div class=\"wp-block-kioken-column inner-column-1 kioken-column_f068e6-4b\"><div class=\"kt-inside-inner-col\" style=\"background-blend-mode:normal\"><div>\n<div style=\"padding:56.25% 0 0 0;position:relative;\"><iframe src=\"https:\/\/vimeo.com\/showcase\/8089823\/embed\" allowfullscreen=\"\" style=\"position:absolute;top:0;left:0;width:100%;height:100%;\" frameborder=\"0\"><\/iframe><\/div>\n<\/div><\/div><\/div>\n\n\n\n<div class=\"wp-block-kioken-column inner-column-2 kioken-column_6ccea3-fc\"><div class=\"kt-inside-inner-col\" style=\"background-blend-mode:normal\"><div>\n<div style=\"padding:56.25% 0 0 0;position:relative;\"><iframe src=\"https:\/\/vimeo.com\/showcase\/8285885\/embed\" allowfullscreen=\"\" style=\"position:absolute;top:0;left:0;width:100%;height:100%;\" frameborder=\"0\"><\/iframe><\/div>\n<\/div><\/div><\/div>\n<\/div><\/div><\/div>\n\n\n","protected":false},"excerpt":{"rendered":"<p>Les jeunes atteints de Polypose familiale (FAP) re\u00e7oivent souvent un diagnostic assez t\u00f4t. A cet \u00e2ge, ils sont donc d\u00e9j\u00e0 confront\u00e9s \u00e0 la possibilit\u00e9 de d\u00e9velopper un cancer dans le courant de leur vie. Le traitement pr\u00e9ventif qui s\u2019en suit&#8230;<\/p>\n","protected":false},"author":1,"featured_media":91133,"parent":91381,"menu_order":0,"comment_status":"closed","ping_status":"closed","template":"","meta":{"_acf_changed":false,"kk_blocks_editor_width":"","_kiokenblocks_attr":"","_kiokenblocks_dimensions":"","footnotes":""},"class_list":["post-91846","page","type-page","status-publish","has-post-thumbnail","hentry"],"acf":[],"_links":{"self":[{"href":"https:\/\/belgianfapa.be\/fr\/wp-json\/wp\/v2\/pages\/91846","targetHints":{"allow":["GET"]}}],"collection":[{"href":"https:\/\/belgianfapa.be\/fr\/wp-json\/wp\/v2\/pages"}],"about":[{"href":"https:\/\/belgianfapa.be\/fr\/wp-json\/wp\/v2\/types\/page"}],"author":[{"embeddable":true,"href":"https:\/\/belgianfapa.be\/fr\/wp-json\/wp\/v2\/users\/1"}],"replies":[{"embeddable":true,"href":"https:\/\/belgianfapa.be\/fr\/wp-json\/wp\/v2\/comments?post=91846"}],"version-history":[{"count":6,"href":"https:\/\/belgianfapa.be\/fr\/wp-json\/wp\/v2\/pages\/91846\/revisions"}],"predecessor-version":[{"id":93012,"href":"https:\/\/belgianfapa.be\/fr\/wp-json\/wp\/v2\/pages\/91846\/revisions\/93012"}],"up":[{"embeddable":true,"href":"https:\/\/belgianfapa.be\/fr\/wp-json\/wp\/v2\/pages\/91381"}],"wp:featuredmedia":[{"embeddable":true,"href":"https:\/\/belgianfapa.be\/fr\/wp-json\/wp\/v2\/media\/91133"}],"wp:attachment":[{"href":"https:\/\/belgianfapa.be\/fr\/wp-json\/wp\/v2\/media?parent=91846"}],"curies":[{"name":"wp","href":"https:\/\/api.w.org\/{rel}","templated":true}]}}