{"id":94182,"date":"2023-11-03T12:22:51","date_gmt":"2023-11-03T11:22:51","guid":{"rendered":"https:\/\/belgianfapa.be\/?page_id=94182"},"modified":"2024-02-16T10:45:59","modified_gmt":"2024-02-16T09:45:59","slug":"diagnostic-et-suivi","status":"publish","type":"page","link":"https:\/\/belgianfapa.be\/fr\/lynch-syndrome\/diagnostic-et-suivi\/","title":{"rendered":"Diagnostic et suivi"},"content":{"rendered":"<p>Si vous consultez cette page, sans doute est-ce d&ucirc; au fait que vous avez d&eacute;j&agrave; &eacute;t&eacute; confront&eacute; au syndrome de Lynch. Il se peut que vous en ayez entendu parler, qu&rsquo;une personne de votre entourage ait &eacute;t&eacute; diagnostiqu&eacute;e ou que vous veniez vous-m&ecirc;me d&rsquo;&ecirc;tre diagnostiqu&eacute;.<\/p>\n<p>Au travers des diff&eacute;rents cat&eacute;gories reprises sur cette page, nous abordons les multiples facettes de cette affection et de sa gestion avec pour objectif de vous aider dans la prise en charge de votre situation propre, que vous soyez un patient Lynch ou un proche.<\/p>\n<p>Cette information fait suite &agrave; la diffusion des directives sur le <a href=\"https:\/\/belgianfapa.be\/fr\/lynch-syndrome\/\">syndrome de Lynch<\/a> et s&rsquo;appuie sur un travail de r&eacute;flexion avec un groupe de patients Lynch de la FAPA, lesquels nous ont permis de mettre l&rsquo;accent sur les besoins du patient. Elle vient en compl&eacute;ment de la <a href=\"https:\/\/belgianfapa.be\/fr\/wpdmpro\/infobrochure-hnpcc-fr-def-pdf\/\">brochure<\/a> d&rsquo;info pour les patients et leur famille &eacute;galement disponible sur le site de la FAPA.<\/p>\n\n\n\n<div id=\"wpv-view-layout-94231\" class=\"js-wpv-view-layout js-wpv-layout-responsive js-wpv-view-layout-94231\" data-viewnumber=\"94231\" data-pagination='{\"id\":94231,\"query\":\"normal\",\"type\":\"disabled\",\"effect\":\"fade\",\"duration\":\"500\",\"speed\":\"5\",\"pause_on_hover\":\"disabled\",\"stop_rollover\":\"false\",\"cache_pages\":\"enabled\",\"preload_images\":\"enabled\",\"preload_pages\":\"enabled\",\"preload_reach\":\"1\",\"spinner\":\"builtin\",\"spinner_image\":\"\",\"callback_next\":\"\",\"manage_history\":\"enabled\",\"has_controls_in_form\":\"disabled\",\"infinite_tolerance\":0,\"max_pages\":0,\"page\":1,\"base_permalink\":\"\/fr\/wp-json\/wp\/v2\/pages\/94182?wpv_view_count=94231&amp;wpv_paged=WPV_PAGE_NUM\",\"loop\":{\"type\":\"\",\"name\":\"\",\"data\":[],\"id\":0}}' data-permalink=\"\/fr\/wp-json\/wp\/v2\/pages\/94182?wpv_view_count=94231\">\n\n    \n    \n<div class=\"archivecontainer\">\n\t\n\t\t\n\t\t<div class=\"one-fourth first\">\n\t\t\t\t<a class=\"card\" href=\"https:\/\/belgianfapa.be\/fr\/que-signifie-le-nom\/\">\n<div class=\"box\">\n  <div class=\"image-container\"><img loading=\"lazy\" decoding=\"async\" width=\"1748\" height=\"1240\" src=\"https:\/\/belgianfapa.be\/wp-content\/uploads\/2024\/01\/Lynch-wat-is-het.png\" class=\"attachment-home-middle size-home-middle wp-post-image\" alt=\"\" srcset=\"https:\/\/belgianfapa.be\/wp-content\/uploads\/2024\/01\/Lynch-wat-is-het.png 1748w, https:\/\/belgianfapa.be\/wp-content\/uploads\/2024\/01\/Lynch-wat-is-het-240x170.png 240w, https:\/\/belgianfapa.be\/wp-content\/uploads\/2024\/01\/Lynch-wat-is-het-1024x726.png 1024w, https:\/\/belgianfapa.be\/wp-content\/uploads\/2024\/01\/Lynch-wat-is-het-768x545.png 768w, https:\/\/belgianfapa.be\/wp-content\/uploads\/2024\/01\/Lynch-wat-is-het-1536x1090.png 1536w\" sizes=\"auto, (max-width: 1748px) 100vw, 1748px\"><\/div>\n  \t<div class=\"panel\">\n<h3>Que signifie le nom?<\/h3>\n<p>Nous entendons de plus en plus parler du syndrome de Lynch. Gr&acirc;ce notamment aux progr&egrave;s scientifiques des derni&egrave;res d&eacute;cennies dans le domaine de la g&eacute;n&eacute;tique, nous commen&ccedil;ons &agrave; mieux en &hellip;<\/p>\n\n  \t<\/div>\n<\/div>\n<\/a>\n\t\t\t<\/div>\n\t\t\n\t\t\n\t\t\t<div class=\"one-fourth\">\n\t\t\t\t<a class=\"card\" href=\"https:\/\/belgianfapa.be\/fr\/quels-sont-les-genes-du-syndrome-de-lynch\/\">\n<div class=\"box\">\n  <div class=\"image-container\"><img loading=\"lazy\" decoding=\"async\" width=\"1748\" height=\"1240\" src=\"https:\/\/belgianfapa.be\/wp-content\/uploads\/2023\/10\/Lynch-genetica.png\" class=\"attachment-home-middle size-home-middle wp-post-image\" alt=\"\" srcset=\"https:\/\/belgianfapa.be\/wp-content\/uploads\/2023\/10\/Lynch-genetica.png 1748w, https:\/\/belgianfapa.be\/wp-content\/uploads\/2023\/10\/Lynch-genetica-240x170.png 240w, https:\/\/belgianfapa.be\/wp-content\/uploads\/2023\/10\/Lynch-genetica-1024x726.png 1024w, https:\/\/belgianfapa.be\/wp-content\/uploads\/2023\/10\/Lynch-genetica-768x545.png 768w, https:\/\/belgianfapa.be\/wp-content\/uploads\/2023\/10\/Lynch-genetica-1536x1090.png 1536w\" sizes=\"auto, (max-width: 1748px) 100vw, 1748px\"><\/div>\n  \t<div class=\"panel\">\n<h3>Quels sont les g&egrave;nes ?<\/h3>\n<p>Le syndrome de Lynch est une maladie h&eacute;r&eacute;ditaire. On conna&icirc;t actuellement 5 g&egrave;nes dont on sait que la mutation peut causer le syndrome de Lynch : MLH1, MSH2, MSH6, EPCAM &hellip;<\/p>\n\n  \t<\/div>\n<\/div>\n<\/a>\n\t\t\t<\/div>\n\t\t\n\t\t\n\t\t\t<div class=\"one-fourth\">\n\t\t\t\t<a class=\"card\" href=\"https:\/\/belgianfapa.be\/fr\/les-risques-de-cancer\/\">\n<div class=\"box\">\n  <div class=\"image-container\"><img loading=\"lazy\" decoding=\"async\" width=\"1748\" height=\"1240\" src=\"https:\/\/belgianfapa.be\/wp-content\/uploads\/2010\/09\/Lynch-therapie.png\" class=\"attachment-home-middle size-home-middle wp-post-image\" alt=\"\" srcset=\"https:\/\/belgianfapa.be\/wp-content\/uploads\/2010\/09\/Lynch-therapie.png 1748w, https:\/\/belgianfapa.be\/wp-content\/uploads\/2010\/09\/Lynch-therapie-240x170.png 240w, https:\/\/belgianfapa.be\/wp-content\/uploads\/2010\/09\/Lynch-therapie-1024x726.png 1024w, https:\/\/belgianfapa.be\/wp-content\/uploads\/2010\/09\/Lynch-therapie-768x545.png 768w, https:\/\/belgianfapa.be\/wp-content\/uploads\/2010\/09\/Lynch-therapie-1536x1090.png 1536w\" sizes=\"auto, (max-width: 1748px) 100vw, 1748px\"><\/div>\n  \t<div class=\"panel\">\n<h3>Les risques de cancer<\/h3>\n<p>Les personnes ayant une pr&eacute;disposition g&eacute;n&eacute;tique pour le syndrome de Lynch pr&eacute;sentent un risque major&eacute; de d&eacute;veloppement de certaines formes de cancer. Ainsi le risque de d&eacute;velopper, dans le courant &hellip;<\/p>\n\n  \t<\/div>\n<\/div>\n<\/a>\n\t\t\t<\/div>\n\t\t\n\t\t\n\t\t\t<div class=\"one-fourth\">\n\t\t\t\t<a class=\"card\" href=\"https:\/\/belgianfapa.be\/fr\/lexamen-du-tissu-tumoral\/\">\n<div class=\"box\">\n  <div class=\"image-container\"><img loading=\"lazy\" decoding=\"async\" width=\"1748\" height=\"1240\" src=\"https:\/\/belgianfapa.be\/wp-content\/uploads\/2010\/09\/Lynch-labo.png\" class=\"attachment-home-middle size-home-middle wp-post-image\" alt=\"\" srcset=\"https:\/\/belgianfapa.be\/wp-content\/uploads\/2010\/09\/Lynch-labo.png 1748w, https:\/\/belgianfapa.be\/wp-content\/uploads\/2010\/09\/Lynch-labo-240x170.png 240w, https:\/\/belgianfapa.be\/wp-content\/uploads\/2010\/09\/Lynch-labo-1024x726.png 1024w, https:\/\/belgianfapa.be\/wp-content\/uploads\/2010\/09\/Lynch-labo-768x545.png 768w, https:\/\/belgianfapa.be\/wp-content\/uploads\/2010\/09\/Lynch-labo-1536x1090.png 1536w\" sizes=\"auto, (max-width: 1748px) 100vw, 1748px\"><\/div>\n  \t<div class=\"panel\">\n<h3>L&rsquo;examen du tissu tumoral<\/h3>\n<p>Toutes les caract&eacute;ristiques de l&rsquo;&ecirc;tre humain sont d&eacute;finies dans un certain code du mat&eacute;riel g&eacute;n&eacute;tique, ou ADN. Pour remplacer les cellules vieillissantes ou endommag&eacute;es, le corps en produit constamment de &hellip;<\/p>\n\n  \t<\/div>\n<\/div>\n<\/a>\n\t\t\t<\/div>\n\n\n\t\t\n\t\t<div class=\"one-fourth first\">\n\t\t\t\t<a class=\"card\" href=\"https:\/\/belgianfapa.be\/fr\/lexamen-sanguin\/\">\n<div class=\"box\">\n  <div class=\"image-container\"><img loading=\"lazy\" decoding=\"async\" width=\"1748\" height=\"1240\" src=\"https:\/\/belgianfapa.be\/wp-content\/uploads\/2010\/09\/Lynch-bloedonderzoek.png\" class=\"attachment-home-middle size-home-middle wp-post-image\" alt=\"\" srcset=\"https:\/\/belgianfapa.be\/wp-content\/uploads\/2010\/09\/Lynch-bloedonderzoek.png 1748w, https:\/\/belgianfapa.be\/wp-content\/uploads\/2010\/09\/Lynch-bloedonderzoek-240x170.png 240w, https:\/\/belgianfapa.be\/wp-content\/uploads\/2010\/09\/Lynch-bloedonderzoek-1024x726.png 1024w, https:\/\/belgianfapa.be\/wp-content\/uploads\/2010\/09\/Lynch-bloedonderzoek-768x545.png 768w, https:\/\/belgianfapa.be\/wp-content\/uploads\/2010\/09\/Lynch-bloedonderzoek-1536x1090.png 1536w\" sizes=\"auto, (max-width: 1748px) 100vw, 1748px\"><\/div>\n  \t<div class=\"panel\">\n<h3>L&rsquo;examen sanguin<\/h3>\n<p>Si un examen approfondi de l&rsquo;ADN semble indiqu&eacute;, on peut examiner les g&egrave;nes associ&eacute;s au syndrome de Lynch et ce gr&acirc;ce &agrave; un &eacute;chantillon de sang duquel on va extraire &hellip;<\/p>\n\n  \t<\/div>\n<\/div>\n<\/a>\n\t\t\t<\/div>\n\t\t\n\t\t\n\t\t\t<div class=\"one-fourth\">\n\t\t\t\t<a class=\"card\" href=\"https:\/\/belgianfapa.be\/fr\/la-detection-precoce\/\">\n<div class=\"box\">\n  <div class=\"image-container\"><img loading=\"lazy\" decoding=\"async\" width=\"1748\" height=\"1240\" src=\"https:\/\/belgianfapa.be\/wp-content\/uploads\/2010\/09\/Lynch-screening.png\" class=\"attachment-home-middle size-home-middle wp-post-image\" alt=\"\" srcset=\"https:\/\/belgianfapa.be\/wp-content\/uploads\/2010\/09\/Lynch-screening.png 1748w, https:\/\/belgianfapa.be\/wp-content\/uploads\/2010\/09\/Lynch-screening-240x170.png 240w, https:\/\/belgianfapa.be\/wp-content\/uploads\/2010\/09\/Lynch-screening-1024x726.png 1024w, https:\/\/belgianfapa.be\/wp-content\/uploads\/2010\/09\/Lynch-screening-768x545.png 768w, https:\/\/belgianfapa.be\/wp-content\/uploads\/2010\/09\/Lynch-screening-1536x1090.png 1536w\" sizes=\"auto, (max-width: 1748px) 100vw, 1748px\"><\/div>\n  \t<div class=\"panel\">\n<h3>Quelle prise en charge?<\/h3>\n<p>Quand le syndrome de Lynch est pr&eacute;sent dans une famille ou lorsque la mutation g&eacute;n&eacute;tique a &eacute;t&eacute; identifi&eacute;e gr&acirc;ce &agrave; une analyse de l&rsquo;ADN, il est important de subir r&eacute;guli&egrave;rement &hellip;<\/p>\n\n  \t<\/div>\n<\/div>\n<\/a>\n\t\t\t<\/div>\n\t\t\n\t\t\n\t\t\t<div class=\"one-fourth\">\n\t\t\t\t<a class=\"card\" href=\"https:\/\/belgianfapa.be\/fr\/le-traitement\/\">\n<div class=\"box\">\n  <div class=\"image-container\"><img loading=\"lazy\" decoding=\"async\" width=\"1748\" height=\"1240\" src=\"https:\/\/belgianfapa.be\/wp-content\/uploads\/2010\/09\/Lynch-Chirurgie.png\" class=\"attachment-home-middle size-home-middle wp-post-image\" alt=\"\" srcset=\"https:\/\/belgianfapa.be\/wp-content\/uploads\/2010\/09\/Lynch-Chirurgie.png 1748w, https:\/\/belgianfapa.be\/wp-content\/uploads\/2010\/09\/Lynch-Chirurgie-240x170.png 240w, https:\/\/belgianfapa.be\/wp-content\/uploads\/2010\/09\/Lynch-Chirurgie-1024x726.png 1024w, https:\/\/belgianfapa.be\/wp-content\/uploads\/2010\/09\/Lynch-Chirurgie-768x545.png 768w, https:\/\/belgianfapa.be\/wp-content\/uploads\/2010\/09\/Lynch-Chirurgie-1536x1090.png 1536w\" sizes=\"auto, (max-width: 1748px) 100vw, 1748px\"><\/div>\n  \t<div class=\"panel\">\n<h3>Le traitement<\/h3>\n<p>Si vous &ecirc;tes confront&eacute; au diagnostic d&rsquo;un cancer colorectal, le m&eacute;decin discutera des diff&eacute;rentes possibilit&eacute;s de traitement. En cas de tumeur maligne, une op&eacute;ration chirurgicale est n&eacute;cessaire.&nbsp; Lors de l&rsquo;op&eacute;ration, &hellip;<\/p>\n\n  \t<\/div>\n<\/div>\n<\/a>\n\t\t\t<\/div>\n\t\t\n\t\t\n\t\t\t<div class=\"one-fourth\">\n\t\t\t\t<a class=\"card\" href=\"https:\/\/belgianfapa.be\/fr\/styledevie\/\">\n<div class=\"box\">\n  <div class=\"image-container\"><img loading=\"lazy\" decoding=\"async\" width=\"1748\" height=\"1240\" src=\"https:\/\/belgianfapa.be\/wp-content\/uploads\/1999\/11\/Lynch-levensstijl.png\" class=\"attachment-home-middle size-home-middle wp-post-image\" alt=\"\" srcset=\"https:\/\/belgianfapa.be\/wp-content\/uploads\/1999\/11\/Lynch-levensstijl.png 1748w, https:\/\/belgianfapa.be\/wp-content\/uploads\/1999\/11\/Lynch-levensstijl-240x170.png 240w, https:\/\/belgianfapa.be\/wp-content\/uploads\/1999\/11\/Lynch-levensstijl-1024x726.png 1024w, https:\/\/belgianfapa.be\/wp-content\/uploads\/1999\/11\/Lynch-levensstijl-768x545.png 768w, https:\/\/belgianfapa.be\/wp-content\/uploads\/1999\/11\/Lynch-levensstijl-1536x1090.png 1536w\" sizes=\"auto, (max-width: 1748px) 100vw, 1748px\"><\/div>\n  \t<div class=\"panel\">\n<h3>Style de vie<\/h3>\n<p>De mani&egrave;re g&eacute;n&eacute;rale, &eacute;viter le surpoids, adapter son alimentation en favorisant la consommation de fruits et l&eacute;gumes frais, et en mod&eacute;rant la consommation de viandes rouges et de charcuterie aident &hellip;<\/p>\n\n  \t<\/div>\n<\/div>\n<\/a>\n\t\t\t<\/div>\n\n\n<\/div>\n    \n    \n\n<\/div>\n","protected":false},"excerpt":{"rendered":"<p>Si vous consultez cette page, sans doute est-ce d\u00fb au fait que vous avez d\u00e9j\u00e0 \u00e9t\u00e9 confront\u00e9 au syndrome de Lynch. Il se peut que vous en ayez entendu parler, qu\u2019une personne de votre entourage ait \u00e9t\u00e9 diagnostiqu\u00e9e ou que&#8230;<\/p>\n","protected":false},"author":39,"featured_media":94183,"parent":2718,"menu_order":0,"comment_status":"closed","ping_status":"closed","template":"","meta":{"_acf_changed":false,"kk_blocks_editor_width":"","_kiokenblocks_attr":"","_kiokenblocks_dimensions":"","footnotes":""},"class_list":["post-94182","page","type-page","status-publish","has-post-thumbnail","hentry"],"acf":[],"_links":{"self":[{"href":"https:\/\/belgianfapa.be\/fr\/wp-json\/wp\/v2\/pages\/94182","targetHints":{"allow":["GET"]}}],"collection":[{"href":"https:\/\/belgianfapa.be\/fr\/wp-json\/wp\/v2\/pages"}],"about":[{"href":"https:\/\/belgianfapa.be\/fr\/wp-json\/wp\/v2\/types\/page"}],"author":[{"embeddable":true,"href":"https:\/\/belgianfapa.be\/fr\/wp-json\/wp\/v2\/users\/39"}],"replies":[{"embeddable":true,"href":"https:\/\/belgianfapa.be\/fr\/wp-json\/wp\/v2\/comments?post=94182"}],"version-history":[{"count":17,"href":"https:\/\/belgianfapa.be\/fr\/wp-json\/wp\/v2\/pages\/94182\/revisions"}],"predecessor-version":[{"id":94623,"href":"https:\/\/belgianfapa.be\/fr\/wp-json\/wp\/v2\/pages\/94182\/revisions\/94623"}],"up":[{"embeddable":true,"href":"https:\/\/belgianfapa.be\/fr\/wp-json\/wp\/v2\/pages\/2718"}],"wp:featuredmedia":[{"embeddable":true,"href":"https:\/\/belgianfapa.be\/fr\/wp-json\/wp\/v2\/media\/94183"}],"wp:attachment":[{"href":"https:\/\/belgianfapa.be\/fr\/wp-json\/wp\/v2\/media?parent=94182"}],"curies":[{"name":"wp","href":"https:\/\/api.w.org\/{rel}","templated":true}]}}