{"id":2695,"date":"2010-09-09T08:31:09","date_gmt":"2010-09-09T08:31:09","guid":{"rendered":"https:\/\/belgianfapa.anmdev.be\/objectifs\/"},"modified":"2018-01-24T17:04:48","modified_gmt":"2018-01-24T17:04:48","slug":"objectifs","status":"publish","type":"page","link":"https:\/\/belgianfapa.be\/nl\/a-propos-de-fapa\/objectifs\/","title":{"rendered":"Objectifs"},"content":{"rendered":"<p style=\"text-align: justify;\">FAPA (Familial Adenomatous Polyposis Association) est une asbl qui:<\/p>\n<ol>\n<li style=\"text-align: justify;\">a cr&eacute;&eacute; un registre dont le but est:\n<ul>\n<li>d&rsquo;enregistrer, &agrave; titre anonyme, toutes les familles atteintes de FAP ou du syndrome de Lynch (= HNPCC ou cancer colorectal h&eacute;r&eacute;ditaire sans polypose)<\/li>\n<li>de contribuer &agrave; la recherche scientifique, aussi bien sur le plan national qu&rsquo;international<\/li>\n<\/ul>\n<\/li>\n<li style=\"text-align: justify;\">donne aux patients ainsi qu&rsquo;&agrave; leur famille des informations concernant leur affection<\/li>\n<li style=\"text-align: justify;\">apporte un support aux m&eacute;decins pour d&eacute;pister les familles concern&eacute;es et pour &eacute;laborer un suivi r&eacute;gulier et de longue dur&eacute;e des patients<\/li>\n<li style=\"text-align: justify;\">soutient le fonctionnement d&rsquo;un groupe d&rsquo;entraide pour les patients et leur famille<\/li>\n<\/ol>\n","protected":false},"excerpt":{"rendered":"<p style=\"text-align: justify;\">FAPA (Familial Adenomatous Polyposis Association) est une asbl qui:<\/p>\n<ol>\n<li style=\"text-align: justify;\">a cr\u00e9\u00e9 un registre dont le but est:\n<ul>\n<li>d&#8217;enregistrer, \u00e0 titre anonyme, toutes les familles  atteintes de FAP ou du syndrome de Lynch (= HNPCC ou cancer colorectal  h\u00e9r\u00e9ditaire sans polypose)<\/li>\n<li>de contribuer \u00e0 la recherche scientifique, aussi bien sur le plan national qu&#8217;international<\/li>\n<\/ul>\n<\/li>\n<li style=\"text-align: justify;\">donne aux patients ainsi qu\u2019\u00e0 leur famille des informations concernant leur affection<\/li>\n<li style=\"text-align: justify;\">apporte un support aux m\u00e9decins pour d\u00e9pister les  familles concern\u00e9es et pour \u00e9laborer un suivi r\u00e9gulier et de longue  dur\u00e9e des patients<\/li>\n<li style=\"text-align: justify;\">soutient le fonctionnement d\u2019un groupe d\u2019entraide pour les patients et leur famille<\/li>\n<\/ol>\n","protected":false},"author":39,"featured_media":0,"parent":1285,"menu_order":0,"comment_status":"closed","ping_status":"closed","template":"","meta":{"_acf_changed":false,"kk_blocks_editor_width":"","_kiokenblocks_attr":"","_kiokenblocks_dimensions":"","footnotes":""},"class_list":["post-2695","page","type-page","status-publish","hentry"],"acf":[],"_links":{"self":[{"href":"https:\/\/belgianfapa.be\/nl\/wp-json\/wp\/v2\/pages\/2695","targetHints":{"allow":["GET"]}}],"collection":[{"href":"https:\/\/belgianfapa.be\/nl\/wp-json\/wp\/v2\/pages"}],"about":[{"href":"https:\/\/belgianfapa.be\/nl\/wp-json\/wp\/v2\/types\/page"}],"author":[{"embeddable":true,"href":"https:\/\/belgianfapa.be\/nl\/wp-json\/wp\/v2\/users\/39"}],"replies":[{"embeddable":true,"href":"https:\/\/belgianfapa.be\/nl\/wp-json\/wp\/v2\/comments?post=2695"}],"version-history":[{"count":1,"href":"https:\/\/belgianfapa.be\/nl\/wp-json\/wp\/v2\/pages\/2695\/revisions"}],"predecessor-version":[{"id":3168,"href":"https:\/\/belgianfapa.be\/nl\/wp-json\/wp\/v2\/pages\/2695\/revisions\/3168"}],"up":[{"embeddable":true,"href":"https:\/\/belgianfapa.be\/nl\/wp-json\/wp\/v2\/pages\/1285"}],"wp:attachment":[{"href":"https:\/\/belgianfapa.be\/nl\/wp-json\/wp\/v2\/media?parent=2695"}],"curies":[{"name":"wp","href":"https:\/\/api.w.org\/{rel}","templated":true}]}}