{"id":2702,"date":"2010-09-09T08:51:11","date_gmt":"2010-09-09T08:51:11","guid":{"rendered":"https:\/\/belgianfapa.anmdev.be\/liens\/"},"modified":"2010-09-09T08:51:11","modified_gmt":"2010-09-09T08:51:11","slug":"liens","status":"publish","type":"page","link":"https:\/\/belgianfapa.be\/nl\/liens\/","title":{"rendered":"Liens"},"content":{"rendered":"<h3>Centres g&eacute;n&eacute;tiques belges<\/h3>\n<ul>\n<li><a href=\"http:\/\/www.saintluc.be\/services\/medicaux\/genetique\/index.php\" target=\"_blank\">Centre g&eacute;n&eacute;tique &ndash; Cliniques Universitaires St. Luc<\/a> <\/li>\n<li><a href=\"http:\/\/www.erasme.ulb.ac.be\/page.asp?id=10652&amp;title=G%E9n%E9tique\" target=\"_blank\">Centre g&eacute;n&eacute;tique -Clinique Universitaire ULB Erasme&nbsp; <\/a><\/li>\n<li><a href=\"http:\/\/www.ipg.be\/\" target=\"_blank\">Institut de Pathologie et de G&eacute;n&eacute;tique &ndash; Loverval<\/a> <\/li>\n<li><a href=\"http:\/\/www.chu.ulg.ac.be\/jcms\/c_11417\/genetique\" target=\"_blank\">Service de G&eacute;n&eacute;tique Humaine &ndash; Universit&eacute; de Li&egrave;ge<\/a> <\/li>\n<li><a href=\"http:\/\/www.uzbrussel.be\/u\/view\/nl\/127801-Centrum+Medische+Genetica.html\" target=\"_blank\">Dienst Medische Genetica Vrije Universiteit Brussel (VUB)<\/a> <\/li>\n<li><a href=\"http:\/\/www.uzleuven.be\/nl\/consultaties\/Centrum+menselijke+erfelijkheid\" target=\"_blank\">Centrum Menselijke Erfelijkheid &ndash; UZ Leuven<\/a>&nbsp; <\/li>\n<li><a href=\"http:\/\/www.genetica-antwerpen.be\/\" target=\"_blank\">Centrum Medische Genetica &ndash; Universiteit Antwerpen&nbsp;<\/a> <\/li>\n<li><a href=\"http:\/\/www.uzgent.be\/nl\/zorgaanbod\/mdspecialismen\/CMGG\/Paginas\/default.aspx\" target=\"_blank\">Centrum Medische Genetica &ndash; Universiteit Gent<\/a><\/li>\n<\/ul>\n<h3>Associations en Belgique<\/h3>\n<ul>\n<li><a href=\"http:\/\/www.bgdo.org\/\" target=\"_blank\">Belgian group of digestive oncology<\/a> <\/li>\n<li><a href=\"http:\/\/www.bges.org\/\" target=\"_blank\">Belgian society for surgical oncology<\/a> <\/li>\n<li><a href=\"http:\/\/www.belsurg.org\/\" target=\"_blank\">Belgian surgical website<\/a> <\/li>\n<li><a href=\"http:\/\/www.belsurg.org\" target=\"_blank\">Belgian section for colorectal surgery<\/a> <\/li>\n<li><a href=\"http:\/\/www.bsgie.org\/\" target=\"_blank\">Belgian society of gastrointestinal endoscopy<\/a> <\/li>\n<li><a href=\"http:\/\/www.cancer.be\/\" target=\"_blank\">Fondation contre le Cancer<\/a>&nbsp; <\/li>\n<li><a href=\"http:\/\/www.stomie.be\" target=\"_blank\">Stoma-Ilco asbl <\/a><\/li>\n<li><a href=\"http:\/\/www.europacolon.com\/\" target=\"_blank\">EuropaColon<\/a><\/li>\n<\/ul>\n<h3>Associations &agrave; l&rsquo;&eacute;tranger<\/h3>\n<ul>\n<li style=\"font-size: 13px;\"><a href=\"http:\/\/aptepf.free.fr\/\" target=\"_blank\" style=\"font-size: 13px;\">Association pour la polypose familiale (FR)<\/a><\/li>\n<li style=\"font-size: 13px;\"><a href=\"http:\/\/www.lynch-polyposis.nl\/\" target=\"_blank\" style=\"font-size: 13px;\">Polyposis contactgroep (NL)<\/a><\/li>\n<li style=\"font-size: 13px;\"><a href=\"http:\/\/www.stoet.nl\/\" target=\"_blank\" style=\"font-size: 13px;\">Stichting opsporing erfelijke tumoren (NL)<\/a><\/li>\n<li style=\"font-size: 13px;\"><a href=\"http:\/\/www.stmarkshospital.nhs.uk\/services-a-z\/polyposis-registry\/\" target=\"_blank\" style=\"font-size: 13px;\">The polyposis registry (UK)<\/a><\/li>\n<\/ul>\n<h3>Autres<\/h3>\n<ul>\n<li><a href=\"http:\/\/aptepf.free.fr\/thread.php?lng=fr&amp;pg=650=fid=1\" target=\"_blank\">Forum patients (France)<\/a> <\/li>\n<li><a href=\"https:\/\/www.fapvoice.com\/\">FAP Voice<\/a><\/li>\n<\/ul>\n","protected":false},"excerpt":{"rendered":"<h3>Centres g\u00e9n\u00e9tiques belges<\/h3>\n<ul>\n<li><a href=\"http:\/\/www.saintluc.be\/services\/medicaux\/genetique\/index.php\" target=\"_blank\">Centre g\u00e9n\u00e9tique &#8211; Cliniques Universitaires St. Luc<\/a> <\/li>\n<li><a href=\"http:\/\/www.erasme.ulb.ac.be\/page.asp?id=10652&amp;title=G%E9n%E9tique\" target=\"_blank\">Centre g\u00e9n\u00e9tique -Clinique Universitaire ULB Erasme&nbsp; <\/a><\/li>\n<li><a href=\"http:\/\/www.ipg.be\/\" target=\"_blank\">Institut de Pathologie et de G\u00e9n\u00e9tique &#8211; Loverval<\/a> <\/li>\n<li><a href=\"http:\/\/www.chu.ulg.ac.be\/jcms\/c_11417\/genetique\" target=\"_blank\">Service de G\u00e9n\u00e9tique Humaine &#8211; Universit\u00e9 de Li\u00e8ge<\/a> <\/li>\n<li><a href=\"http:\/\/www.uzbrussel.be\/u\/view\/nl\/127801-Centrum+Medische+Genetica.html\" target=\"_blank\">Dienst Medische Genetica Vrije Universiteit Brussel (VUB)<\/a> <\/li>\n<li><a href=\"http:\/\/www.uzleuven.be\/nl\/consultaties\/Centrum+menselijke+erfelijkheid\" target=\"_blank\">Centrum Menselijke Erfelijkheid &#8211; UZ Leuven<\/a>&nbsp; <\/li>\n<li><a href=\"http:\/\/www.genetica-antwerpen.be\/\" target=\"_blank\">Centrum Medische Genetica &#8211; Universiteit Antwerpen&nbsp;<\/a> <\/li>\n<li><a href=\"http:\/\/www.uzgent.be\/nl\/zorgaanbod\/mdspecialismen\/CMGG\/Paginas\/default.aspx\" target=\"_blank\">Centrum Medische Genetica &#8211; Universiteit Gent<\/a><\/li>\n<\/ul>\n<h3>Associations en Belgique<\/h3>\n<ul>\n<li><a href=\"http:\/\/www.bgdo.org\/\" target=\"_blank\">Belgian group of digestive oncology<\/a> <\/li>\n<li><a href=\"http:\/\/www.bges.org\/\" target=\"_blank\">Belgian society for surgical oncology<\/a> <\/li>\n<li><a href=\"http:\/\/www.belsurg.org\/\" target=\"_blank\">Belgian surgical website<\/a> <\/li>\n<li><a href=\"http:\/\/www.belsurg.org\" target=\"_blank\">Belgian section for colorectal surgery<\/a> <\/li>\n<li><a href=\"http:\/\/www.bsgie.org\/\" target=\"_blank\">Belgian society of gastrointestinal endoscopy<\/a> <\/li>\n<li><a href=\"http:\/\/www.cancer.be\/\" target=\"_blank\">Fondation contre le Cancer<\/a>&nbsp; <\/li>\n<li><a href=\"http:\/\/www.stomie.be\" target=\"_blank\">Stoma-Ilco asbl <\/a><\/li>\n<li><a href=\"http:\/\/www.europacolon.com\/\" target=\"_blank\">EuropaColon<\/a><\/li>\n<\/ul>\n<h3>Associations \u00e0 l&#8217;\u00e9tranger<\/h3>\n<ul>\n<li style=\"font-size: 13px;\"><a href=\"http:\/\/aptepf.free.fr\/\" target=\"_blank\" style=\"font-size: 13px;\">Association pour la polypose familiale (FR)<\/a><\/li>\n<li style=\"font-size: 13px;\"><a href=\"http:\/\/www.lynch-polyposis.nl\/\" target=\"_blank\" style=\"font-size: 13px;\">Polyposis contactgroep (NL)<\/a><\/li>\n<li style=\"font-size: 13px;\"><a href=\"http:\/\/www.stoet.nl\/\" target=\"_blank\" style=\"font-size: 13px;\">Stichting opsporing erfelijke tumoren (NL)<\/a><\/li>\n<li style=\"font-size: 13px;\"><a href=\"http:\/\/www.stmarkshospital.nhs.uk\/services-a-z\/polyposis-registry\/\" target=\"_blank\" style=\"font-size: 13px;\">The polyposis registry (UK)<\/a><\/li>\n<\/ul>\n<h3>Autres<\/h3>\n<ul>\n<li><a href=\"http:\/\/aptepf.free.fr\/thread.php?lng=fr&amp;pg=650=fid=1\" target=\"_blank\">Forum patients (France)<\/a> <\/li>\n<li><a href=\"https:\/\/www.fapvoice.com\/\">FAP Voice<\/a><\/li>\n<\/ul>\n","protected":false},"author":39,"featured_media":0,"parent":0,"menu_order":0,"comment_status":"closed","ping_status":"closed","template":"","meta":{"_acf_changed":false,"kk_blocks_editor_width":"","_kiokenblocks_attr":"","_kiokenblocks_dimensions":"","footnotes":""},"class_list":["post-2702","page","type-page","status-publish","hentry"],"acf":[],"_links":{"self":[{"href":"https:\/\/belgianfapa.be\/nl\/wp-json\/wp\/v2\/pages\/2702","targetHints":{"allow":["GET"]}}],"collection":[{"href":"https:\/\/belgianfapa.be\/nl\/wp-json\/wp\/v2\/pages"}],"about":[{"href":"https:\/\/belgianfapa.be\/nl\/wp-json\/wp\/v2\/types\/page"}],"author":[{"embeddable":true,"href":"https:\/\/belgianfapa.be\/nl\/wp-json\/wp\/v2\/users\/39"}],"replies":[{"embeddable":true,"href":"https:\/\/belgianfapa.be\/nl\/wp-json\/wp\/v2\/comments?post=2702"}],"version-history":[{"count":0,"href":"https:\/\/belgianfapa.be\/nl\/wp-json\/wp\/v2\/pages\/2702\/revisions"}],"wp:attachment":[{"href":"https:\/\/belgianfapa.be\/nl\/wp-json\/wp\/v2\/media?parent=2702"}],"curies":[{"name":"wp","href":"https:\/\/api.w.org\/{rel}","templated":true}]}}