{"id":2721,"date":"2010-09-09T09:47:58","date_gmt":"2010-09-09T09:47:58","guid":{"rendered":"https:\/\/belgianfapa.anmdev.be\/que-se-passe-t-il-lorsquon-mange\/"},"modified":"2010-09-09T09:47:58","modified_gmt":"2010-09-09T09:47:58","slug":"que-se-passe-t-il-lorsquon-mange","status":"publish","type":"page","link":"https:\/\/belgianfapa.be\/nl\/que-se-passe-t-il-lorsquon-mange\/","title":{"rendered":"Que se passe-t-il lorsqu\u2019on mange\u00a0?"},"content":{"rendered":"<p style=\"text-align: justify;\">Pour rester en vie, et avoir assez d&rsquo;&eacute;nergie, il faut manger et boire. Sur le  dessin ci-contre, tu peux voir le chemin que la nourriture suit apr&egrave;s que tu l&rsquo;aies  mise en bouche. La nourriture ne peut pas &ecirc;tre utilis&eacute;e comme &eacute;nergie telle quelle par ton corps. Elle doit suivre tout un parcours pour &ecirc;tre dig&eacute;r&eacute;e.  Elle doit d&rsquo;abord &ecirc;tre m&acirc;ch&eacute;e. Tu mous la nourriture finement et elle se m&eacute;lange avec la salive. La salive va aider &agrave; dig&eacute;rer la nourriture. Tu l&rsquo;avales, elle  passe alors par ta gorge puis par l&rsquo;&oelig;sophage qui est le tube qui am&egrave;ne la nourriture &agrave;  l&rsquo;estomac. A l&rsquo;int&eacute;rieur de l&rsquo;estomac, il y a plein de plis qui vont aider &agrave; dig&eacute;rer la nourriture. Cela peut prendre un certain temps. Lorsque la nourriture sort de l&rsquo;estomac, elle arrive dans l&rsquo;intestin gr&ecirc;le puis dans le gros intestin. Tes intestins vont chercher, dans la nourriture, les substances dont ton corps a besoin. Le reste, dont ton corps n&rsquo;a pas besoin, demeure encore un petit moment comme d&eacute;chets dans les intestins. Ces d&eacute;chets quitteront alors ton corps par le rectum et l&rsquo;anus quand tu vas aux toilettes.<\/p>\n<h1 style=\"text-align: justify;\">A quoi sert le gros intestin ?<\/h1>\n<p style=\"text-align: justify;\">La nourriture dont le corps n&rsquo;a pas besoin arrive sous forme liquide dans le gros intestin. Le r&ocirc;le du gros intestin est alors de rendre ces d&eacute;chets solides, sans &ccedil;a, tu aurais la diarrh&eacute;e en permanence.  Pour cela, ton gros intestin a besoin d&rsquo;eau et de fibres. L&rsquo;eau provient de ce que tu manges et bois tandis que les fibres se trouvent dans certains aliments tels que le pain gris, les l&eacute;gumes verts, les c&eacute;r&eacute;ales,&hellip;<\/p>\n","protected":false},"excerpt":{"rendered":"<p style=\"text-align: justify;\">Pour rester en vie, et avoir assez d\u2019\u00e9nergie, il faut manger et boire. Sur le  dessin ci-contre, tu peux voir le chemin que la nourriture suit apr\u00e8s que tu l\u2019aies  mise en bouche. La nourriture ne peut pas \u00eatre utilis\u00e9e comme \u00e9nergie telle quelle par ton corps. Elle doit suivre tout un parcours pour \u00eatre dig\u00e9r\u00e9e.  Elle doit d\u2019abord \u00eatre m\u00e2ch\u00e9e. Tu mous la nourriture finement et elle se m\u00e9lange avec la salive. La salive va aider \u00e0 dig\u00e9rer la nourriture. Tu l\u2019avales, elle  passe alors par ta gorge puis par l\u2019\u0153sophage qui est le tube qui am\u00e8ne la nourriture \u00e0  l\u2019estomac. A l\u2019int\u00e9rieur de l\u2019estomac, il y a plein de plis qui vont aider \u00e0 dig\u00e9rer la nourriture. Cela peut prendre un certain temps. Lorsque la nourriture sort de l\u2019estomac, elle arrive dans l\u2019intestin gr\u00eale puis dans le gros intestin. Tes intestins vont chercher, dans la nourriture, les substances dont ton corps a besoin. Le reste, dont ton corps n\u2019a pas besoin, demeure encore un petit moment comme d\u00e9chets dans les intestins. Ces d\u00e9chets quitteront alors ton corps par le rectum et l\u2019anus quand tu vas aux toilettes.<\/p>\n<h1 style=\"text-align: justify;\">A quoi sert le gros intestin ?<\/h1>\n<p style=\"text-align: justify;\">La nourriture dont le corps n&#8217;a pas besoin arrive sous forme liquide dans le gros intestin. Le r\u00f4le du gros intestin est alors de rendre ces d\u00e9chets solides, sans \u00e7a, tu aurais la diarrh\u00e9e en permanence.  Pour cela, ton gros intestin a besoin d\u2019eau et de fibres. L&#8217;eau provient de ce que tu manges et bois tandis que les fibres se trouvent dans certains aliments tels que le pain gris, les l\u00e9gumes verts, les c\u00e9r\u00e9ales,&#8230;<\/p>\n","protected":false},"author":39,"featured_media":0,"parent":0,"menu_order":0,"comment_status":"closed","ping_status":"closed","template":"","meta":{"_acf_changed":false,"kk_blocks_editor_width":"","_kiokenblocks_attr":"","_kiokenblocks_dimensions":"","footnotes":""},"class_list":["post-2721","page","type-page","status-publish","hentry"],"acf":[],"_links":{"self":[{"href":"https:\/\/belgianfapa.be\/nl\/wp-json\/wp\/v2\/pages\/2721","targetHints":{"allow":["GET"]}}],"collection":[{"href":"https:\/\/belgianfapa.be\/nl\/wp-json\/wp\/v2\/pages"}],"about":[{"href":"https:\/\/belgianfapa.be\/nl\/wp-json\/wp\/v2\/types\/page"}],"author":[{"embeddable":true,"href":"https:\/\/belgianfapa.be\/nl\/wp-json\/wp\/v2\/users\/39"}],"replies":[{"embeddable":true,"href":"https:\/\/belgianfapa.be\/nl\/wp-json\/wp\/v2\/comments?post=2721"}],"version-history":[{"count":0,"href":"https:\/\/belgianfapa.be\/nl\/wp-json\/wp\/v2\/pages\/2721\/revisions"}],"wp:attachment":[{"href":"https:\/\/belgianfapa.be\/nl\/wp-json\/wp\/v2\/media?parent=2721"}],"curies":[{"name":"wp","href":"https:\/\/api.w.org\/{rel}","templated":true}]}}